{"id":8304,"date":"2018-10-22T13:48:59","date_gmt":"2018-10-22T12:48:59","guid":{"rendered":"https:\/\/www.construimossorrisos.pt\/contacts\/"},"modified":"2023-04-06T11:31:27","modified_gmt":"2023-04-06T10:31:27","slug":"contacts","status":"publish","type":"page","link":"https:\/\/www.construimossorrisos.pt\/en\/contacts\/","title":{"rendered":"Contacts"},"content":{"rendered":"<section class=\"wpb-content-wrapper\"><p>[vc_row full_width=&#8221;stretch_row&#8221; css=&#8221;.vc_custom_1649256692153{padding-top: 150px !important;padding-bottom: 250px !important;background-image: url(https:\/\/www.construimossorrisos.pt\/wp-content\/uploads\/2022\/04\/CSorr-1_2.jpg?id=7899) !important;background-position: center !important;background-repeat: no-repeat !important;background-size: cover !important;}&#8221; el_class=&#8221;under-menu-topbar&#8221;][vc_column]<header class=\"kd-section-title vc_col-lg-6 vc_col-sm-8 text-center     vc_custom_1582109903548\" ><h1 class=\"separator_off\" >Come and meet us!<\/h1><\/header>[\/vc_column][\/vc_row][vc_row css=&#8221;.vc_custom_1556020192157{margin-top: -100px !important;padding-top: 70px !important;padding-right: 50px !important;padding-left: 50px !important;background-color: #ffffff !important;}&#8221;][vc_column][vc_row_inner][vc_column_inner width=&#8221;1\/3&#8243; css=&#8221;.vc_custom_1519734939213{padding-right: 50px !important;}&#8221; offset=&#8221;vc_col-lg-4 vc_col-md-12&#8243;][vc_custom_heading text=&#8221;Call<br \/>\nus!&#8221; font_container=&#8221;tag:h2|font_size:36px|text_align:left|line_height:42px&#8221; use_theme_fonts=&#8221;yes&#8221;][\/vc_column_inner][vc_column_inner width=&#8221;2\/3&#8243; offset=&#8221;vc_col-lg-8 vc_col-md-12&#8243;][vc_custom_heading text=&#8221;Constru\u00edmos Sorrisos Dental Clinic is located in Restelo in Lisbon, in a very quiet area with easy parking.<br \/>\nThe clinic&#8217;s facilities were designed to provide maximum comfort to patients.&#8221; font_container=&#8221;tag:h6|text_align:left&#8221; use_theme_fonts=&#8221;yes&#8221;][\/vc_column_inner][\/vc_row_inner][\/vc_column][\/vc_row][vc_row full_width=&#8221;stretch_row&#8221;][vc_column css=&#8221;.vc_custom_1516095665984{padding-right: 0px !important;padding-left: 0px !important;}&#8221;][vc_row_inner css=&#8221;.vc_custom_1555666525537{padding-top: 60px !important;padding-bottom: 73px !important;}&#8221;][vc_column_inner width=&#8221;1\/2&#8243; css=&#8221;.vc_custom_1541508372335{padding-left: 15px !important;}&#8221; offset=&#8221;vc_col-lg-6 vc_col-md-12 vc_hidden-md&#8221;]<script>\r\n\r\n                    function initKdMap_kd69f22a5fce116() {\r\n                      var map_kd69f22a5fce116;\r\n        \t\t\t\t\t\t\tvar gmap_location_kd69f22a5fce116 = new google.maps.LatLng(38.695718, -9.212439);\r\n        \t\t\t\t\t\t\tvar GMAP_MODULE_kd69f22a5fce116 = \"customMap\";\r\n      \t\t\t\t\t\t\t\tvar featureOpts = [\r\n      \t\t\t\t\t\t\t\t\t\t\t{\r\n      \t\t\t\t\t\t\t\t\t\t\t  stylers: [\r\n      \t\t\t\t\t\t\t\t\t\t\t\t{ \"visibility\": \"on\" },\r\n      \t\t\t\t\t\t\t\t\t\t\t\t{ \"weight\": 1 },\r\n      \t\t\t\t\t\t\t\t\t\t\t\t{ \"saturation\": -100 },\r\n      \t\t\t\t\t\t\t\t\t\t\t\t{ \"lightness\": 2.2 },\r\n      \t\t\t\t\t\t\t\t\t\t\t\t{ \"gamma\": 2.2 }\r\n      \t\t\t\t\t\t\t\t\t\t\t  ]\r\n      \t\t\t\t\t\t\t\t\t\t\t}, {\r\n                                featureType: \"poi\",\r\n                                stylers: [\r\n                                  { \"visibility\": \"off\" }\r\n                                ]\r\n                              }\r\n      \t\t\t\t\t\t\t\t\t\t];\r\n      \t\t\t\t\t\t\t\tvar mapOptions = {\r\n      \t\t\t\t\t\t\t\t\tzoom: 15,\r\n      \t\t\t\t\t\t\t\t\tcenter: gmap_location_kd69f22a5fce116,\r\n                        scrollwheel: false,\r\n      \t\t\t\t\t\t\t\t\tmapTypeControlOptions: {\r\n      \t\t\t\t\t\t\t\t\t\tmapTypeIds: [google.maps.MapTypeId.ROADMAP, GMAP_MODULE_kd69f22a5fce116]\r\n      \t\t\t\t\t\t\t\t\t},\r\n      \t\t\t\t\t\t\t\t\tmapTypeId: GMAP_MODULE_kd69f22a5fce116\r\n      \t\t\t\t\t\t\t\t};\r\n      \t\t\t\t\t\t\t\tmap_kd69f22a5fce116 = new google.maps.Map(document.getElementById(\"kd69f22a5fce116\"), mapOptions);\r\n      \t\t\t\t\t\t\t\tmarker_kd69f22a5fce116 = new google.maps.Marker({\r\n      \t\t\t\t\t\t\t\t\tmap: map_kd69f22a5fce116,\r\n      \t\t\t\t\t\t\t\t\tdraggable: false,\r\n      \t\t\t\t\t\t\t\t\tanimation: google.maps.Animation.DROP,\r\n      \t\t\t\t\t\t\t\t\tposition: gmap_location_kd69f22a5fce116,\r\n      \t\t\t\t\t\t\t\t\ticon: \"https:\/\/www.construimossorrisos.pt\/wp-content\/uploads\/2020\/02\/favicon.png\"\r\n      \t\t\t\t\t\t\t\t  });\r\n      \t\t\t\t\t\t\t\tgoogle.maps.event.addListener(marker_kd69f22a5fce116, \"click\", function() {\r\n      \t\t\t\t\t\t\t\t\tif (marker_kd69f22a5fce116.getAnimation() != null) {\r\n      \t\t\t\t\t\t\t\t\t\tmarker_kd69f22a5fce116.setAnimation(null);\r\n      \t\t\t\t\t\t\t\t\t} else {\r\n      \t\t\t\t\t\t\t\t\t\tmarker_kd69f22a5fce116.setAnimation(google.maps.Animation.BOUNCE);\r\n      \t\t\t\t\t\t\t\t\t}\r\n      \t\t\t\t\t\t\t\t});\r\n      \t\t\t\t\t\t\t\tvar styledMapOptions = {\r\n      \t\t\t\t\t\t\t\t\tname: \"Onde estamos\"\r\n      \t\t\t\t\t\t\t\t};\r\n      \t\t\t\t\t\t\t\tvar customMapType_kd69f22a5fce116 = new google.maps.StyledMapType(featureOpts, styledMapOptions);\r\n      \t\t\t\t\t\t\t\tmap_kd69f22a5fce116.mapTypes.set(GMAP_MODULE_kd69f22a5fce116, customMapType_kd69f22a5fce116);\r\n                      }\r\n                      jQuery(window).on(\"load\", function() {\r\n                        initKdMap_kd69f22a5fce116();\r\n                      });\r\n      \t\t\t\t\t\t<\/script><div class=\"contact-map-container hidden_info_panel\" style=\"height: 450px;\"><div id=\"kd69f22a5fce116\" class=\"kd_map\" style=\"height: 450px;\"><\/div>\r\n\r\n            <\/div>[vc_column_text]R. Lu\u00eds Braille 4, 1400-031 Lisboa[\/vc_column_text][\/vc_column_inner][vc_column_inner width=&#8221;1\/2&#8243; css=&#8221;.vc_custom_1522244799532{padding-right: 15px !important;padding-left: 80px !important;}&#8221; offset=&#8221;vc_col-lg-6 vc_col-md-12&#8243;]<header class=\"kd-section-title col-lg-12 text-left  kd-animated fadeIn   vc_custom_1582110024593\" data-animation-delay=200><h2 class=\"separator_off\" >Contact us!<\/h2><h6 class=\"subtitle \" >Call or visits when it suits you. We strive to respond to all inquiries within 24 hours on business days.<\/h6><\/header>[vc_empty_space height=&#8221;20px&#8221;]<div class=\"kd-contact-form full-width-cf\" >\n<div class=\"wpcf7 no-js\" id=\"wpcf7-f8401-o1\" lang=\"en-US\" dir=\"ltr\">\n<div class=\"screen-reader-response\"><p role=\"status\" aria-live=\"polite\" aria-atomic=\"true\"><\/p> <ul><\/ul><\/div>\n<form action=\"\/en\/wp-json\/wp\/v2\/pages\/8304#wpcf7-f8401-o1\" method=\"post\" class=\"wpcf7-form init\" aria-label=\"Contact form\" novalidate=\"novalidate\" data-status=\"init\">\n<div style=\"display: none;\">\n<input type=\"hidden\" name=\"_wpcf7\" value=\"8401\" \/>\n<input type=\"hidden\" name=\"_wpcf7_version\" value=\"5.9.8\" \/>\n<input type=\"hidden\" name=\"_wpcf7_locale\" value=\"en_US\" \/>\n<input type=\"hidden\" name=\"_wpcf7_unit_tag\" value=\"wpcf7-f8401-o1\" \/>\n<input type=\"hidden\" name=\"_wpcf7_container_post\" value=\"0\" \/>\n<input type=\"hidden\" name=\"_wpcf7_posted_data_hash\" value=\"\" \/>\n<input type=\"hidden\" name=\"_wpcf7_recaptcha_response\" value=\"\" \/>\n<\/div>\n<input class=\"wpcf7-form-control wpcf7-hidden\" id=\"hidId\" value=\"\" type=\"hidden\" name=\"textarea-123\" \/>\n<p><span class=\"wpcf7-form-control-wrap\" data-name=\"your-name\"><input size=\"40\" maxlength=\"400\" class=\"wpcf7-form-control wpcf7-text wpcf7-validates-as-required\" aria-required=\"true\" aria-invalid=\"false\" placeholder=\"Your name\" value=\"\" type=\"text\" name=\"your-name\" \/><\/span><br \/>\n<span class=\"wpcf7-form-control-wrap\" data-name=\"your-email\"><input size=\"40\" maxlength=\"400\" class=\"wpcf7-form-control wpcf7-email wpcf7-validates-as-required wpcf7-text wpcf7-validates-as-email\" aria-required=\"true\" aria-invalid=\"false\" placeholder=\"Your email\" value=\"\" type=\"email\" name=\"your-email\" \/><\/span><br \/>\n<span class=\"wpcf7-form-control-wrap\" data-name=\"your-message\"><textarea cols=\"40\" rows=\"10\" maxlength=\"2000\" class=\"wpcf7-form-control wpcf7-textarea\" aria-invalid=\"false\" placeholder=\"Message\" name=\"your-message\"><\/textarea><\/span><br \/>\n<input class=\"wpcf7-form-control wpcf7-submit has-spinner\" type=\"submit\" value=\"Send message\" \/>\n<\/p><div class=\"wpcf7-response-output\" aria-hidden=\"true\"><\/div>\n<\/form>\n<\/div>\n<\/div>[vc_column_text]Or send an email to <a href=\"mailto:clinica@construimossorrisos.pt\">clinica@construimossorrisos.pt<\/a>[\/vc_column_text][\/vc_column_inner][\/vc_row_inner][vc_row_inner][vc_column_inner width=&#8221;1\/4&#8243;][\/vc_column_inner][vc_column_inner width=&#8221;1\/4&#8243;][vc_custom_heading text=&#8221;Phone number:&#8221; font_container=&#8221;tag:h5|text_align:center&#8221; use_theme_fonts=&#8221;yes&#8221;][vc_custom_heading text=&#8221;(+351) 967 663 053&#8243; font_container=&#8221;tag:h3|text_align:center&#8221; use_theme_fonts=&#8221;yes&#8221; link=&#8221;url:Phone%3A%2B351967663053|&#8221;][vc_custom_heading text=&#8221;(Call to national mobile network)&#8221; font_container=&#8221;tag:p|text_align:center&#8221; use_theme_fonts=&#8221;yes&#8221;][vc_empty_space height=&#8221;60px&#8221;][\/vc_column_inner][vc_column_inner width=&#8221;1\/4&#8243;][vc_custom_heading text=&#8221;Phone Number:&#8221; font_container=&#8221;tag:h5|text_align:center&#8221; use_theme_fonts=&#8221;yes&#8221;][vc_custom_heading text=&#8221;(+351) 213 012 134&#8243; font_container=&#8221;tag:h3|text_align:center&#8221; use_theme_fonts=&#8221;yes&#8221; link=&#8221;url:Phone%3A%2B351213012134|&#8221;][vc_custom_heading text=&#8221;(Call to national mobile network)&#8221; font_container=&#8221;tag:p|text_align:center&#8221; use_theme_fonts=&#8221;yes&#8221;][vc_empty_space height=&#8221;60px&#8221;][\/vc_column_inner][vc_column_inner width=&#8221;1\/4&#8243;][\/vc_column_inner][\/vc_row_inner][vc_row_inner][vc_column_inner width=&#8221;1\/4&#8243;][\/vc_column_inner][vc_column_inner width=&#8221;1\/2&#8243;]<header class=\"kd-section-title col-lg-12 text-center    \" ><h2 class=\"separator_off\" >Hiring<\/h2><h6 class=\"subtitle \" >Email us to<\/h6><\/header><a  href=\"mailto:recrutamento@construimossorrisos.pt\"  target=\"_blank\"  title=\"\" class=\"tt_button tt_primary_button btn_primary_color  button-center button-action-link\" ><span class=\"prim_text\">recrutamento@construimossorrisos.pt<\/span><\/a>[vc_empty_space height=&#8221;60px&#8221;][\/vc_column_inner][vc_column_inner width=&#8221;1\/4&#8243;][\/vc_column_inner][\/vc_row_inner][\/vc_column][\/vc_row][vc_row full_width=&#8221;stretch_row&#8221; css=&#8221;.vc_custom_1555666594706{padding-top: 100px !important;background-color: #f5f5f5 !important;}&#8221;][vc_column css=&#8221;.vc_custom_1515687105834{padding-right: 0px !important;padding-left: 0px !important;}&#8221;][vc_row_inner css=&#8221;.vc_custom_1555666389233{padding-bottom: 70px !important;}&#8221;][vc_column_inner width=&#8221;1\/5&#8243;]<div class=\"cb-container cb-cont-left\" style=\"background-color:#fff;\" ><a href=\"url:%23|||\" target=\"\"><div class=\"cb-img-area\"><div class=\"cb-customimg\"><img loading=\"lazy\" decoding=\"async\" width=\"32\" height=\"32\" src=\"https:\/\/www.construimossorrisos.pt\/wp-content\/uploads\/2020\/03\/whatsapp-1.png\" class=\"attachment-full\" alt=\"\" title=\"whatsapp\" \/><\/div><\/div><div class=\"cb-text-area\">\n                    <h4 class=\"cb-heading \" >Whatsapp<\/h4><p >Call us at any time: +351 967 663 053<\/p><\/div><\/a><\/div>[\/vc_column_inner][vc_column_inner width=&#8221;1\/5&#8243;]<div class=\"cb-container cb-cont-left\" style=\"background-color:#fff;\" ><a href=\"url:%23|||\" target=\"\"><div class=\"cb-img-area\"><i class=\"iconsmind-Hand-TouchSmartphone iconsmind-Touch-Gestures\" style=\" \"><\/i> <\/div><div class=\"cb-text-area\">\n                    <h4 class=\"cb-heading \" >Call us<\/h4><p >+351 967 663 053 (Call to national mobile network)<\/p><\/div><\/a><\/div>[\/vc_column_inner][vc_column_inner width=&#8221;1\/5&#8243;]<div class=\"cb-container cb-cont-left\" style=\"background-color:#fff;\" ><a href=\"url:%23|||\" target=\"\"><div class=\"cb-img-area\"><i class=\"iconsmind-Confused iconsmind-Emoticons\" style=\" color: #68c4b5;\"><\/i> <\/div><div class=\"cb-text-area\">\n                    <h4 class=\"cb-heading \" >S.O.S.<br \/>\nHave an emergency?<\/h4><p >+351 965 125 425 (Call to national mobile network)<\/p><\/div><\/a><\/div>[\/vc_column_inner][vc_column_inner width=&#8221;1\/5&#8243;]<div class=\"cb-container cb-cont-left\" style=\"background-color:#fff;\" ><a href=\"\/tratamentos\" target=\"\"><div class=\"cb-img-area\"><i class=\"iconsmind-Life-Safer\" style=\" \"><\/i> <\/div><div class=\"cb-text-area\">\n                    <h4 class=\"cb-heading \" >Any questions?<\/h4><p >Check our treatments page here<\/p><\/div><\/a><\/div>[\/vc_column_inner][vc_column_inner width=&#8221;1\/5&#8243;]<div class=\"cb-container cb-cont-left\" style=\"background-color:#fff;\" ><a href=\"#\" target=\"\"><div class=\"cb-img-area\"><i class=\"iconsmind-Instagram\" style=\" \"><\/i> <\/div><div class=\"cb-text-area\">\n                    <h4 class=\"cb-heading \" >Social<\/h4><p >Follow us on instagram @construimossorrisos<\/p><\/div><\/a><\/div>[\/vc_column_inner][\/vc_row_inner][\/vc_column][\/vc_row]<\/p>\n<\/section>","protected":false},"excerpt":{"rendered":"<p>[vc_row full_width=&#8221;stretch_row&#8221; css=&#8221;.vc_custom_1649256692153{padding-top: 150px !important;padding-bottom: 250px !important;background-image: url(https:\/\/www.construimossorrisos.pt\/wp-content\/uploads\/2022\/04\/CSorr-1_2.jpg?id=7899) !important;background-position: center !important;background-repeat: no-repeat !important;background-size: cover !important;}&#8221; el_class=&#8221;under-menu-topbar&#8221;][vc_column][\/vc_column][\/vc_row][vc_row css=&#8221;.vc_custom_1556020192157{margin-top: -100px !important;padding-top: 70px [&hellip;]<\/p>\n","protected":false},"author":1,"featured_media":0,"parent":0,"menu_order":0,"comment_status":"closed","ping_status":"closed","template":"","meta":{"_monsterinsights_skip_tracking":false,"_monsterinsights_sitenote_active":false,"_monsterinsights_sitenote_note":"","_monsterinsights_sitenote_category":0,"footnotes":""},"class_list":["post-8304","page","type-page","status-publish","hentry"],"yoast_head":"<!-- This site is optimized with the Yoast SEO plugin v23.6 - https:\/\/yoast.com\/wordpress\/plugins\/seo\/ -->\n<title>Contacts - Constru\u00edmos Sorrisos<\/title>\n<meta name=\"robots\" content=\"index, follow, max-snippet:-1, max-image-preview:large, max-video-preview:-1\" \/>\n<link rel=\"canonical\" href=\"https:\/\/www.construimossorrisos.pt\/en\/contacts\/\" \/>\n<meta property=\"og:locale\" content=\"en_US\" \/>\n<meta property=\"og:type\" content=\"article\" \/>\n<meta property=\"og:title\" content=\"Contacts - Constru\u00edmos Sorrisos\" \/>\n<meta property=\"og:description\" content=\"[vc_row full_width=&#8221;stretch_row&#8221; css=&#8221;.vc_custom_1649256692153{padding-top: 150px !important;padding-bottom: 250px !important;background-image: url(https:\/\/www.construimossorrisos.pt\/wp-content\/uploads\/2022\/04\/CSorr-1_2.jpg?id=7899) !important;background-position: center !important;background-repeat: no-repeat !important;background-size: cover !important;}&#8221; el_class=&#8221;under-menu-topbar&#8221;][vc_column][\/vc_column][\/vc_row][vc_row css=&#8221;.vc_custom_1556020192157{margin-top: -100px !important;padding-top: 70px [&hellip;]\" \/>\n<meta property=\"og:url\" content=\"https:\/\/www.construimossorrisos.pt\/en\/contacts\/\" \/>\n<meta property=\"og:site_name\" content=\"Constru\u00edmos Sorrisos\" \/>\n<meta property=\"article:modified_time\" content=\"2023-04-06T10:31:27+00:00\" \/>\n<meta name=\"twitter:card\" content=\"summary_large_image\" \/>\n<meta name=\"twitter:label1\" content=\"Est. reading time\" \/>\n\t<meta name=\"twitter:data1\" content=\"5 minutes\" \/>\n<script type=\"application\/ld+json\" class=\"yoast-schema-graph\">{\"@context\":\"https:\/\/schema.org\",\"@graph\":[{\"@type\":\"WebPage\",\"@id\":\"https:\/\/www.construimossorrisos.pt\/en\/contacts\/\",\"url\":\"https:\/\/www.construimossorrisos.pt\/en\/contacts\/\",\"name\":\"Contacts - Constru\u00edmos Sorrisos\",\"isPartOf\":{\"@id\":\"https:\/\/www.construimossorrisos.pt\/en\/#website\"},\"datePublished\":\"2018-10-22T12:48:59+00:00\",\"dateModified\":\"2023-04-06T10:31:27+00:00\",\"breadcrumb\":{\"@id\":\"https:\/\/www.construimossorrisos.pt\/en\/contacts\/#breadcrumb\"},\"inLanguage\":\"en-US\",\"potentialAction\":[{\"@type\":\"ReadAction\",\"target\":[\"https:\/\/www.construimossorrisos.pt\/en\/contacts\/\"]}]},{\"@type\":\"BreadcrumbList\",\"@id\":\"https:\/\/www.construimossorrisos.pt\/en\/contacts\/#breadcrumb\",\"itemListElement\":[{\"@type\":\"ListItem\",\"position\":1,\"name\":\"Home\",\"item\":\"https:\/\/www.construimossorrisos.pt\/en\/\"},{\"@type\":\"ListItem\",\"position\":2,\"name\":\"Contacts\"}]},{\"@type\":\"WebSite\",\"@id\":\"https:\/\/www.construimossorrisos.pt\/en\/#website\",\"url\":\"https:\/\/www.construimossorrisos.pt\/en\/\",\"name\":\"Constru\u00edmos Sorrisos\",\"description\":\"A sua cl\u00ednica dent\u00e1ria.\",\"potentialAction\":[{\"@type\":\"SearchAction\",\"target\":{\"@type\":\"EntryPoint\",\"urlTemplate\":\"https:\/\/www.construimossorrisos.pt\/en\/?s={search_term_string}\"},\"query-input\":{\"@type\":\"PropertyValueSpecification\",\"valueRequired\":true,\"valueName\":\"search_term_string\"}}],\"inLanguage\":\"en-US\"}]}<\/script>\n<!-- \/ Yoast SEO plugin. -->","yoast_head_json":{"title":"Contacts - Constru\u00edmos Sorrisos","robots":{"index":"index","follow":"follow","max-snippet":"max-snippet:-1","max-image-preview":"max-image-preview:large","max-video-preview":"max-video-preview:-1"},"canonical":"https:\/\/www.construimossorrisos.pt\/en\/contacts\/","og_locale":"en_US","og_type":"article","og_title":"Contacts - Constru\u00edmos Sorrisos","og_description":"[vc_row full_width=&#8221;stretch_row&#8221; css=&#8221;.vc_custom_1649256692153{padding-top: 150px !important;padding-bottom: 250px !important;background-image: url(https:\/\/www.construimossorrisos.pt\/wp-content\/uploads\/2022\/04\/CSorr-1_2.jpg?id=7899) !important;background-position: center !important;background-repeat: no-repeat !important;background-size: cover !important;}&#8221; el_class=&#8221;under-menu-topbar&#8221;][vc_column][\/vc_column][\/vc_row][vc_row css=&#8221;.vc_custom_1556020192157{margin-top: -100px !important;padding-top: 70px [&hellip;]","og_url":"https:\/\/www.construimossorrisos.pt\/en\/contacts\/","og_site_name":"Constru\u00edmos Sorrisos","article_modified_time":"2023-04-06T10:31:27+00:00","twitter_card":"summary_large_image","twitter_misc":{"Est. reading time":"5 minutes"},"schema":{"@context":"https:\/\/schema.org","@graph":[{"@type":"WebPage","@id":"https:\/\/www.construimossorrisos.pt\/en\/contacts\/","url":"https:\/\/www.construimossorrisos.pt\/en\/contacts\/","name":"Contacts - Constru\u00edmos Sorrisos","isPartOf":{"@id":"https:\/\/www.construimossorrisos.pt\/en\/#website"},"datePublished":"2018-10-22T12:48:59+00:00","dateModified":"2023-04-06T10:31:27+00:00","breadcrumb":{"@id":"https:\/\/www.construimossorrisos.pt\/en\/contacts\/#breadcrumb"},"inLanguage":"en-US","potentialAction":[{"@type":"ReadAction","target":["https:\/\/www.construimossorrisos.pt\/en\/contacts\/"]}]},{"@type":"BreadcrumbList","@id":"https:\/\/www.construimossorrisos.pt\/en\/contacts\/#breadcrumb","itemListElement":[{"@type":"ListItem","position":1,"name":"Home","item":"https:\/\/www.construimossorrisos.pt\/en\/"},{"@type":"ListItem","position":2,"name":"Contacts"}]},{"@type":"WebSite","@id":"https:\/\/www.construimossorrisos.pt\/en\/#website","url":"https:\/\/www.construimossorrisos.pt\/en\/","name":"Constru\u00edmos Sorrisos","description":"A sua cl\u00ednica dent\u00e1ria.","potentialAction":[{"@type":"SearchAction","target":{"@type":"EntryPoint","urlTemplate":"https:\/\/www.construimossorrisos.pt\/en\/?s={search_term_string}"},"query-input":{"@type":"PropertyValueSpecification","valueRequired":true,"valueName":"search_term_string"}}],"inLanguage":"en-US"}]}},"_links":{"self":[{"href":"https:\/\/www.construimossorrisos.pt\/en\/wp-json\/wp\/v2\/pages\/8304"}],"collection":[{"href":"https:\/\/www.construimossorrisos.pt\/en\/wp-json\/wp\/v2\/pages"}],"about":[{"href":"https:\/\/www.construimossorrisos.pt\/en\/wp-json\/wp\/v2\/types\/page"}],"author":[{"embeddable":true,"href":"https:\/\/www.construimossorrisos.pt\/en\/wp-json\/wp\/v2\/users\/1"}],"replies":[{"embeddable":true,"href":"https:\/\/www.construimossorrisos.pt\/en\/wp-json\/wp\/v2\/comments?post=8304"}],"version-history":[{"count":10,"href":"https:\/\/www.construimossorrisos.pt\/en\/wp-json\/wp\/v2\/pages\/8304\/revisions"}],"predecessor-version":[{"id":8396,"href":"https:\/\/www.construimossorrisos.pt\/en\/wp-json\/wp\/v2\/pages\/8304\/revisions\/8396"}],"wp:attachment":[{"href":"https:\/\/www.construimossorrisos.pt\/en\/wp-json\/wp\/v2\/media?parent=8304"}],"curies":[{"name":"wp","href":"https:\/\/api.w.org\/{rel}","templated":true}]}}