{"id":8320,"date":"2018-10-22T13:49:53","date_gmt":"2018-10-22T12:49:53","guid":{"rendered":"https:\/\/www.construimossorrisos.pt\/treatments\/"},"modified":"2023-01-30T22:54:35","modified_gmt":"2023-01-30T22:54:35","slug":"treatments","status":"publish","type":"page","link":"https:\/\/www.construimossorrisos.pt\/en\/treatments\/","title":{"rendered":"Treatments"},"content":{"rendered":"<section class=\"wpb-content-wrapper\"><p>[vc_row full_width=&#8221;stretch_row&#8221; css=&#8221;.vc_custom_1555680629746{margin-top: -50px !important;padding-top: 100px !important;background-color: #f5f5f5 !important;}&#8221;][vc_column][vc_custom_heading text=&#8221;First consultations&#8221; font_container=&#8221;tag:h2|text_align:center&#8221; use_theme_fonts=&#8221;yes&#8221;][vc_tta_accordion color=&#8221;white&#8221; c_align=&#8221;center&#8221; c_position=&#8221;right&#8221; active_section=&#8221;5&#8243;][vc_tta_section title=&#8221;How does the first consultation work?&#8221; tab_id=&#8221;1583365932627-afa28002-e4b5&#8243;][vc_column_text]<\/p>\n<p style=\"text-align: center;\">The first consultation at our Clinic is a very complete and detailed consultation. Diagnosis and planning are essential steps for the success of any treatment. In the first consultation, you will always be accompanied by a Dentist and Oral Hygienist in order to study and analyze your case in detail.<\/p>\n<p>[\/vc_column_text][\/vc_tta_section][vc_tta_section title=&#8221;What type of assessment is performed in the first consultation?&#8221; tab_id=&#8221;1583365932666-4dc2de02-3c14&#8243;][vc_column_text]<\/p>\n<p style=\"text-align: center;\">A clinical and radiographic evaluation, complemented by photographs, models, scanner is essential to define and select the most predictable and current techniques for your case.<\/p>\n<p>[\/vc_column_text][\/vc_tta_section][vc_tta_section title=&#8221;What kind of treatment is carried out in the first consultation?&#8221; tab_id=&#8221;1583366040232-f6857567-f241&#8243;][vc_column_text]<\/p>\n<p style=\"text-align: center;\">The treatment to be carried out in the first consultation will be totally dependent on the evaluation of your case.<\/p>\n<p>[\/vc_column_text][\/vc_tta_section][vc_tta_section title=&#8221;Do I have to take X-rays?&#8221; tab_id=&#8221;1583366073100-971720bc-5bc1&#8243;][vc_column_text]<\/p>\n<p style=\"text-align: center;\">In most cases, the clinical evaluation will be complemented by a radiographic evaluation. If you have recent radiographic exams, you should bring them to the appointment.<\/p>\n<p>[\/vc_column_text][\/vc_tta_section][\/vc_tta_accordion][vc_empty_space height=&#8221;150px&#8221;][\/vc_column][vc_column css=&#8221;.vc_custom_1516008233239{padding-right: 0px !important;padding-left: 0px !important;}&#8221;][vc_row_inner css=&#8221;.vc_custom_1556020243036{margin-bottom: 30px !important;}&#8221;][vc_column_inner width=&#8221;1\/3&#8243;]<div class=\"key-icon-box icon-default  cont-left ib-hover-1   custom-box\" style=\"background-color: #ffffff;\" ><a href=\"https:\/\/www.construimossorrisos.pt\/tratamentos\/branqueamentos-dentarios\/\" target=\"\"><div class=\"ib-wrapper\"><h6 class=\"service-heading\" >Teeth whitening<\/h6><p >Teeth whitening is an increasingly popular treatment that allows you to whiten yellow or darkened teeth, making your smile more beautiful in a simple and painless way.<\/p><\/div><\/a><\/div>[\/vc_column_inner][vc_column_inner width=&#8221;1\/3&#8243;]<div class=\"key-icon-box icon-default  cont-left ib-hover-1   custom-box\" style=\"background-color: #ffffff;\" ><a href=\"https:\/\/www.construimossorrisos.pt\/tratamentos\/dentisteria\/\" target=\"\"><div class=\"ib-wrapper\"><h6 class=\"service-heading\" >Dentistry<\/h6><p >Dentistry is the area of  Dental Medicine that treats teeth with caries, with fractures, among others.<\/p><\/div><\/a><\/div>[\/vc_column_inner][vc_column_inner width=&#8221;1\/3&#8243;]<div class=\"key-icon-box icon-default  cont-left ib-hover-1   custom-box\" style=\"background-color: #ffffff;\" ><a href=\"https:\/\/www.construimossorrisos.pt\/tratamentos\/endodontia\/\" target=\"\"><div class=\"ib-wrapper\"><h6 class=\"service-heading\" >Endodontics<\/h6><p >Endodontics, popularly known as Devitalization, is the branch of Dentistry that deals with injuries and diseases of the pulp (known as the \u201cnerve\u201d) and the root of the tooth.<\/p><\/div><\/a><\/div>[\/vc_column_inner][\/vc_row_inner][vc_row_inner css=&#8221;.vc_custom_1556020246557{margin-bottom: 30px !important;}&#8221;][vc_column_inner width=&#8221;1\/3&#8243;]<div class=\"key-icon-box icon-default  cont-left ib-hover-1   custom-box\" style=\"background-color: #ffffff;\" ><a href=\"https:\/\/www.construimossorrisos.pt\/tratamentos\/estetica-facetas\/\" target=\"\"><div class=\"ib-wrapper\"><h6 class=\"service-heading\" >Aesthetics\/facets<\/h6><p >Veneers are thin, translucent layers that are cemented onto natural teeth and allow correcting changes in shape, color and volume of natural teeth.<\/p><\/div><\/a><\/div>[\/vc_column_inner][vc_column_inner width=&#8221;1\/3&#8243;]<div class=\"key-icon-box icon-default  cont-left ib-hover-1   custom-box\" style=\"background-color: #ffffff;\" ><a href=\"https:\/\/www.construimossorrisos.pt\/tratamentos\/higiene-oral\/\" target=\"\"><div class=\"ib-wrapper\"><h6 class=\"service-heading\" >Oral Hygiene<\/h6><p >Oral hygiene is the area of  Dentistry dedicated to the diagnosis, prevention and treatment of the main oral diseases such as dental caries and periodontal diseases.<\/p><\/div><\/a><\/div>[\/vc_column_inner][vc_column_inner width=&#8221;1\/3&#8243;]<div class=\"key-icon-box icon-default  cont-left ib-hover-1   custom-box\" style=\"background-color: #ffffff;\" ><a href=\"https:\/\/www.construimossorrisos.pt\/tratamentos\/implantes\/\" target=\"\"><div class=\"ib-wrapper\"><h6 class=\"service-heading\" >Implants<\/h6><p >Through the placement of an implant it is possible to rehabilitate and replace lost teeth.<\/p><\/div><\/a><\/div>[\/vc_column_inner][\/vc_row_inner][vc_row_inner css=&#8221;.vc_custom_1556020249772{padding-bottom: 80px !important;}&#8221;][vc_column_inner width=&#8221;1\/3&#8243;]<div class=\"key-icon-box icon-default  cont-left ib-hover-1   custom-box\" style=\"background-color: #ffffff;\" ><a href=\"https:\/\/www.construimossorrisos.pt\/tratamentos\/oclusao\/\" target=\"\"><div class=\"ib-wrapper\"><h6 class=\"service-heading\" >Occlusion<\/h6><p >Dental occlusion is the way our teeth relate to each other.<\/p><\/div><\/a><\/div>[\/vc_column_inner][vc_column_inner width=&#8221;1\/3&#8243;]<div class=\"key-icon-box icon-default  cont-left ib-hover-1   custom-box\" style=\"background-color: #ffffff;\" ><a href=\"https:\/\/www.construimossorrisos.pt\/tratamentos\/odontopediatria\/\" target=\"\"><div class=\"ib-wrapper\"><h6 class=\"service-heading\" >Pediatric dentistry<\/h6><p >Pediatric Dentistry is the area of  dentistry that promotes oral health in babies, children, adolescents and patients with special needs.<\/p><\/div><\/a><\/div>[\/vc_column_inner][vc_column_inner width=&#8221;1\/3&#8243;]<div class=\"key-icon-box icon-default  cont-left ib-hover-1   custom-box\" style=\"background-color: #ffffff;\" ><a href=\"https:\/\/www.construimossorrisos.pt\/tratamentos\/ortodontia\/\" target=\"\"><div class=\"ib-wrapper\"><h6 class=\"service-heading\" >Orthodontics<\/h6><p >Orthodontics is the area of  Dentistry that diagnoses, prevents and treats malocclusions.<\/p><\/div><\/a><\/div>[\/vc_column_inner][\/vc_row_inner][vc_row_inner css=&#8221;.vc_custom_1556020249772{padding-bottom: 80px !important;}&#8221;][vc_column_inner width=&#8221;1\/3&#8243;]<div class=\"key-icon-box icon-default  cont-left ib-hover-1   custom-box\" style=\"background-color: #ffffff;\" ><a href=\"https:\/\/www.construimossorrisos.pt\/tratamentos\/periodontologia\/\" target=\"\"><div class=\"ib-wrapper\"><h6 class=\"service-heading\" >Periodontology<\/h6><p >Periodontology is the area of  Dentistry that deals with diseases that affect the tissues that support the teeth (alveolar bone, gums, cement and periodontal ligament).<\/p><\/div><\/a><\/div>[\/vc_column_inner][vc_column_inner width=&#8221;1\/3&#8243;]<div class=\"key-icon-box icon-default  cont-left ib-hover-1   custom-box\" style=\"background-color: #ffffff;\" ><a href=\"https:\/\/www.construimossorrisos.pt\/tratamentos\/reabilitacao-oral\/\" target=\"\"><div class=\"ib-wrapper\"><h6 class=\"service-heading\" >Oral Rehabilitation \/ Prosthodontics<\/h6><p >Prosthodontics is the area of  dentistry that allows the replacement of lost teeth and thus restore function, health and aesthetics.<\/p><\/div><\/a><\/div>[\/vc_column_inner][vc_column_inner width=&#8221;1\/3&#8243;][\/vc_column_inner][\/vc_row_inner][\/vc_column][\/vc_row][vc_row full_width=&#8221;stretch_row_content_no_spaces&#8221;][vc_column width=&#8221;1\/2&#8243; css=&#8221;.vc_custom_1522317894944{padding-top: 0px !important;}&#8221; offset=&#8221;vc_col-lg-6 vc_col-md-12&#8243;][vc_row_inner css=&#8221;.vc_custom_1587406099772{padding-top: 200px !important;padding-bottom: 100px !important;background-image: url(https:\/\/www.construimossorrisos.pt\/wp-content\/uploads\/2020\/03\/tratamentos_geral.jpg?id=7596) !important;}&#8221;][vc_column_inner css=&#8221;.vc_custom_1511789291663{padding-top: 0px !important;padding-bottom: 0px !important;}&#8221;][vc_empty_space height=&#8221;300px&#8221;][\/vc_column_inner][\/vc_row_inner][\/vc_column][vc_column width=&#8221;1\/2&#8243; offset=&#8221;vc_col-lg-6 vc_col-md-12&#8243; css=&#8221;.vc_custom_1522317922459{padding-bottom: 50px !important;}&#8221;][vc_row_inner css=&#8221;.vc_custom_1556020272540{margin-bottom: 30px !important;padding-top: 110px !important;}&#8221;][vc_column_inner width=&#8221;1\/4&#8243; offset=&#8221;vc_hidden-md vc_hidden-sm vc_hidden-xs&#8221;][\/vc_column_inner][vc_column_inner width=&#8221;11\/12&#8243; offset=&#8221;vc_col-lg-offset-0 vc_col-lg-6 vc_col-md-offset-1 vc_col-sm-offset-0&#8243;]<header class=\"kd-section-title col-lg-12 text-left  kd-animated fadeIn   vc_custom_1583246412613\" data-animation-delay=200><h2 class=\"separator_off\" >Our Clinic has several years of experience, and a lot of contact with our patients.<\/h2><\/header>[\/vc_column_inner][\/vc_row_inner][vc_row_inner css=&#8221;.vc_custom_1556020277380{padding-bottom: 0px !important;}&#8221;][vc_column_inner width=&#8221;1\/4&#8243; offset=&#8221;vc_hidden-md vc_hidden-sm vc_hidden-xs&#8221;][\/vc_column_inner][vc_column_inner width=&#8221;5\/12&#8243; css=&#8221;.vc_custom_1541586840233{padding-right: 30px !important;}&#8221; offset=&#8221;vc_col-lg-offset-0 vc_col-lg-3 vc_col-md-offset-1 vc_col-sm-offset-0&#8243;]<div class=\"kd_counter icon-top large-counter count_left \" ><div class=\"kd_counter_content\"><h4 class=\"kd_counter_number\"><span class=\"kd_number_string\"  data-from=\"0\" data-to=\"15\" data-refresh-interval=\"50\" >0<\/span>\n                                  <span class=\"kd_counter_units\" >+<\/span><\/h4><div class=\"kd_counter_text\" ><\/div><\/div><\/div><div class=\"key-icon-box icon-default  cont-left ib-no-effect  kd-animated fadeIn\" style=\"background-color: transparent;\" data-animation-delay=200><h6 class=\"service-heading\" >Years of experience<\/h6><p >We combine experience with a team of professionals with specialized training in different areas of Dentistry.<\/p><\/div>[\/vc_column_inner][vc_column_inner width=&#8221;1\/2&#8243; css=&#8221;.vc_custom_1541586564400{padding-right: 30px !important;}&#8221; offset=&#8221;vc_col-lg-3&#8243;][\/vc_column_inner][\/vc_row_inner][\/vc_column][\/vc_row][vc_row full_width=&#8221;stretch_row&#8221; css=&#8221;.vc_custom_1555681184211{background-color: #f5f5f5 !important;}&#8221;][vc_column][vc_row_inner css=&#8221;.vc_custom_1536243977243{padding-top: 100px !important;}&#8221;][vc_column_inner width=&#8221;1\/4&#8243; offset=&#8221;vc_hidden-xs&#8221;][\/vc_column_inner][vc_column_inner width=&#8221;1\/2&#8243;]<header class=\"kd-section-title col-lg-12 text-center  kd-animated fadeIn  \" data-animation-delay=200><h2 class=\"separator_off\" >Call us now.<\/h2><h6 class=\"subtitle \" >Call or visits when it suits you. We strive to respond to all inquiries within 24 hours on business days.<\/h6><\/header>[vc_empty_space height=&#8221;15px&#8221;][\/vc_column_inner][vc_column_inner width=&#8221;1\/4&#8243; offset=&#8221;vc_hidden-xs&#8221;][\/vc_column_inner][\/vc_row_inner][vc_row_inner css=&#8221;.vc_custom_1536243815259{padding-bottom: 100px !important;}&#8221;][vc_column_inner css=&#8221;.vc_custom_1536243836394{padding-right: 10px !important;}&#8221;]<a  href=\"http:\/\/construimossorrisos.pt\/contactos\/\"  target=\"_self\"  title=\"Contacts\" class=\"tt_button tt_primary_button btn_primary_color  button-center   kd-animated zoomIn\" data-animation-delay=200><span class=\"prim_text\">Contacts<\/span><\/a>[\/vc_column_inner][\/vc_row_inner][\/vc_column][\/vc_row]<\/p>\n<\/section>","protected":false},"excerpt":{"rendered":"<p>[vc_row full_width=&#8221;stretch_row&#8221; css=&#8221;.vc_custom_1555680629746{margin-top: -50px !important;padding-top: 100px !important;background-color: #f5f5f5 !important;}&#8221;][vc_column][vc_custom_heading text=&#8221;First consultations&#8221; font_container=&#8221;tag:h2|text_align:center&#8221; use_theme_fonts=&#8221;yes&#8221;][vc_tta_accordion color=&#8221;white&#8221; c_align=&#8221;center&#8221; c_position=&#8221;right&#8221; active_section=&#8221;5&#8243;][vc_tta_section title=&#8221;How does the [&hellip;]<\/p>\n","protected":false},"author":1,"featured_media":8115,"parent":0,"menu_order":0,"comment_status":"closed","ping_status":"closed","template":"","meta":{"_monsterinsights_skip_tracking":false,"_monsterinsights_sitenote_active":false,"_monsterinsights_sitenote_note":"","_monsterinsights_sitenote_category":0,"footnotes":""},"class_list":["post-8320","page","type-page","status-publish","has-post-thumbnail","hentry"],"yoast_head":"<!-- This site is optimized with the Yoast SEO plugin v23.6 - https:\/\/yoast.com\/wordpress\/plugins\/seo\/ -->\n<title>Treatments - Constru\u00edmos Sorrisos<\/title>\n<meta name=\"robots\" content=\"index, follow, max-snippet:-1, max-image-preview:large, max-video-preview:-1\" \/>\n<link rel=\"canonical\" href=\"https:\/\/www.construimossorrisos.pt\/en\/treatments\/\" \/>\n<meta property=\"og:locale\" content=\"en_US\" \/>\n<meta property=\"og:type\" content=\"article\" \/>\n<meta property=\"og:title\" content=\"Treatments - Constru\u00edmos Sorrisos\" \/>\n<meta property=\"og:description\" content=\"[vc_row full_width=&#8221;stretch_row&#8221; css=&#8221;.vc_custom_1555680629746{margin-top: -50px !important;padding-top: 100px !important;background-color: #f5f5f5 !important;}&#8221;][vc_column][vc_custom_heading text=&#8221;First consultations&#8221; font_container=&#8221;tag:h2|text_align:center&#8221; use_theme_fonts=&#8221;yes&#8221;][vc_tta_accordion color=&#8221;white&#8221; c_align=&#8221;center&#8221; c_position=&#8221;right&#8221; active_section=&#8221;5&#8243;][vc_tta_section title=&#8221;How does the [&hellip;]\" \/>\n<meta property=\"og:url\" content=\"https:\/\/www.construimossorrisos.pt\/en\/treatments\/\" \/>\n<meta property=\"og:site_name\" content=\"Constru\u00edmos Sorrisos\" \/>\n<meta property=\"article:modified_time\" content=\"2023-01-30T22:54:35+00:00\" \/>\n<meta property=\"og:image\" content=\"https:\/\/www.construimossorrisos.pt\/wp-content\/uploads\/2020\/03\/Periodontologia.jpg\" \/>\n\t<meta property=\"og:image:width\" content=\"1920\" \/>\n\t<meta property=\"og:image:height\" content=\"450\" \/>\n\t<meta property=\"og:image:type\" content=\"image\/jpeg\" \/>\n<meta name=\"twitter:card\" content=\"summary_large_image\" \/>\n<meta name=\"twitter:label1\" content=\"Est. reading time\" \/>\n\t<meta name=\"twitter:data1\" content=\"9 minutes\" \/>\n<script type=\"application\/ld+json\" class=\"yoast-schema-graph\">{\"@context\":\"https:\/\/schema.org\",\"@graph\":[{\"@type\":\"WebPage\",\"@id\":\"https:\/\/www.construimossorrisos.pt\/en\/treatments\/\",\"url\":\"https:\/\/www.construimossorrisos.pt\/en\/treatments\/\",\"name\":\"Treatments - Constru\u00edmos Sorrisos\",\"isPartOf\":{\"@id\":\"https:\/\/www.construimossorrisos.pt\/en\/#website\"},\"primaryImageOfPage\":{\"@id\":\"https:\/\/www.construimossorrisos.pt\/en\/treatments\/#primaryimage\"},\"image\":{\"@id\":\"https:\/\/www.construimossorrisos.pt\/en\/treatments\/#primaryimage\"},\"thumbnailUrl\":\"https:\/\/www.construimossorrisos.pt\/wp-content\/uploads\/2020\/03\/Periodontologia.jpg\",\"datePublished\":\"2018-10-22T12:49:53+00:00\",\"dateModified\":\"2023-01-30T22:54:35+00:00\",\"breadcrumb\":{\"@id\":\"https:\/\/www.construimossorrisos.pt\/en\/treatments\/#breadcrumb\"},\"inLanguage\":\"en-US\",\"potentialAction\":[{\"@type\":\"ReadAction\",\"target\":[\"https:\/\/www.construimossorrisos.pt\/en\/treatments\/\"]}]},{\"@type\":\"ImageObject\",\"inLanguage\":\"en-US\",\"@id\":\"https:\/\/www.construimossorrisos.pt\/en\/treatments\/#primaryimage\",\"url\":\"https:\/\/www.construimossorrisos.pt\/wp-content\/uploads\/2020\/03\/Periodontologia.jpg\",\"contentUrl\":\"https:\/\/www.construimossorrisos.pt\/wp-content\/uploads\/2020\/03\/Periodontologia.jpg\",\"width\":1920,\"height\":450},{\"@type\":\"BreadcrumbList\",\"@id\":\"https:\/\/www.construimossorrisos.pt\/en\/treatments\/#breadcrumb\",\"itemListElement\":[{\"@type\":\"ListItem\",\"position\":1,\"name\":\"Home\",\"item\":\"https:\/\/www.construimossorrisos.pt\/en\/\"},{\"@type\":\"ListItem\",\"position\":2,\"name\":\"Treatments\"}]},{\"@type\":\"WebSite\",\"@id\":\"https:\/\/www.construimossorrisos.pt\/en\/#website\",\"url\":\"https:\/\/www.construimossorrisos.pt\/en\/\",\"name\":\"Constru\u00edmos Sorrisos\",\"description\":\"A sua cl\u00ednica dent\u00e1ria.\",\"potentialAction\":[{\"@type\":\"SearchAction\",\"target\":{\"@type\":\"EntryPoint\",\"urlTemplate\":\"https:\/\/www.construimossorrisos.pt\/en\/?s={search_term_string}\"},\"query-input\":{\"@type\":\"PropertyValueSpecification\",\"valueRequired\":true,\"valueName\":\"search_term_string\"}}],\"inLanguage\":\"en-US\"}]}<\/script>\n<!-- \/ Yoast SEO plugin. -->","yoast_head_json":{"title":"Treatments - Constru\u00edmos Sorrisos","robots":{"index":"index","follow":"follow","max-snippet":"max-snippet:-1","max-image-preview":"max-image-preview:large","max-video-preview":"max-video-preview:-1"},"canonical":"https:\/\/www.construimossorrisos.pt\/en\/treatments\/","og_locale":"en_US","og_type":"article","og_title":"Treatments - Constru\u00edmos Sorrisos","og_description":"[vc_row full_width=&#8221;stretch_row&#8221; css=&#8221;.vc_custom_1555680629746{margin-top: -50px !important;padding-top: 100px !important;background-color: #f5f5f5 !important;}&#8221;][vc_column][vc_custom_heading text=&#8221;First consultations&#8221; font_container=&#8221;tag:h2|text_align:center&#8221; use_theme_fonts=&#8221;yes&#8221;][vc_tta_accordion color=&#8221;white&#8221; c_align=&#8221;center&#8221; c_position=&#8221;right&#8221; active_section=&#8221;5&#8243;][vc_tta_section title=&#8221;How does the [&hellip;]","og_url":"https:\/\/www.construimossorrisos.pt\/en\/treatments\/","og_site_name":"Constru\u00edmos Sorrisos","article_modified_time":"2023-01-30T22:54:35+00:00","og_image":[{"width":1920,"height":450,"url":"https:\/\/www.construimossorrisos.pt\/wp-content\/uploads\/2020\/03\/Periodontologia.jpg","type":"image\/jpeg"}],"twitter_card":"summary_large_image","twitter_misc":{"Est. reading time":"9 minutes"},"schema":{"@context":"https:\/\/schema.org","@graph":[{"@type":"WebPage","@id":"https:\/\/www.construimossorrisos.pt\/en\/treatments\/","url":"https:\/\/www.construimossorrisos.pt\/en\/treatments\/","name":"Treatments - Constru\u00edmos Sorrisos","isPartOf":{"@id":"https:\/\/www.construimossorrisos.pt\/en\/#website"},"primaryImageOfPage":{"@id":"https:\/\/www.construimossorrisos.pt\/en\/treatments\/#primaryimage"},"image":{"@id":"https:\/\/www.construimossorrisos.pt\/en\/treatments\/#primaryimage"},"thumbnailUrl":"https:\/\/www.construimossorrisos.pt\/wp-content\/uploads\/2020\/03\/Periodontologia.jpg","datePublished":"2018-10-22T12:49:53+00:00","dateModified":"2023-01-30T22:54:35+00:00","breadcrumb":{"@id":"https:\/\/www.construimossorrisos.pt\/en\/treatments\/#breadcrumb"},"inLanguage":"en-US","potentialAction":[{"@type":"ReadAction","target":["https:\/\/www.construimossorrisos.pt\/en\/treatments\/"]}]},{"@type":"ImageObject","inLanguage":"en-US","@id":"https:\/\/www.construimossorrisos.pt\/en\/treatments\/#primaryimage","url":"https:\/\/www.construimossorrisos.pt\/wp-content\/uploads\/2020\/03\/Periodontologia.jpg","contentUrl":"https:\/\/www.construimossorrisos.pt\/wp-content\/uploads\/2020\/03\/Periodontologia.jpg","width":1920,"height":450},{"@type":"BreadcrumbList","@id":"https:\/\/www.construimossorrisos.pt\/en\/treatments\/#breadcrumb","itemListElement":[{"@type":"ListItem","position":1,"name":"Home","item":"https:\/\/www.construimossorrisos.pt\/en\/"},{"@type":"ListItem","position":2,"name":"Treatments"}]},{"@type":"WebSite","@id":"https:\/\/www.construimossorrisos.pt\/en\/#website","url":"https:\/\/www.construimossorrisos.pt\/en\/","name":"Constru\u00edmos Sorrisos","description":"A sua cl\u00ednica dent\u00e1ria.","potentialAction":[{"@type":"SearchAction","target":{"@type":"EntryPoint","urlTemplate":"https:\/\/www.construimossorrisos.pt\/en\/?s={search_term_string}"},"query-input":{"@type":"PropertyValueSpecification","valueRequired":true,"valueName":"search_term_string"}}],"inLanguage":"en-US"}]}},"_links":{"self":[{"href":"https:\/\/www.construimossorrisos.pt\/en\/wp-json\/wp\/v2\/pages\/8320"}],"collection":[{"href":"https:\/\/www.construimossorrisos.pt\/en\/wp-json\/wp\/v2\/pages"}],"about":[{"href":"https:\/\/www.construimossorrisos.pt\/en\/wp-json\/wp\/v2\/types\/page"}],"author":[{"embeddable":true,"href":"https:\/\/www.construimossorrisos.pt\/en\/wp-json\/wp\/v2\/users\/1"}],"replies":[{"embeddable":true,"href":"https:\/\/www.construimossorrisos.pt\/en\/wp-json\/wp\/v2\/comments?post=8320"}],"version-history":[{"count":5,"href":"https:\/\/www.construimossorrisos.pt\/en\/wp-json\/wp\/v2\/pages\/8320\/revisions"}],"predecessor-version":[{"id":8325,"href":"https:\/\/www.construimossorrisos.pt\/en\/wp-json\/wp\/v2\/pages\/8320\/revisions\/8325"}],"wp:featuredmedia":[{"embeddable":true,"href":"https:\/\/www.construimossorrisos.pt\/en\/wp-json\/wp\/v2\/media\/8115"}],"wp:attachment":[{"href":"https:\/\/www.construimossorrisos.pt\/en\/wp-json\/wp\/v2\/media?parent=8320"}],"curies":[{"name":"wp","href":"https:\/\/api.w.org\/{rel}","templated":true}]}}