{"id":8368,"date":"2020-03-03T15:03:49","date_gmt":"2020-03-03T15:03:49","guid":{"rendered":"https:\/\/www.construimossorrisos.pt\/treatments\/oral-rehabilitation-prosthodontics\/"},"modified":"2023-03-24T11:26:40","modified_gmt":"2023-03-24T11:26:40","slug":"oral-rehabilitation-prosthodontics","status":"publish","type":"page","link":"https:\/\/www.construimossorrisos.pt\/en\/treatments\/oral-rehabilitation-prosthodontics\/","title":{"rendered":"Oral Rehabilitation \/ Prosthodontics"},"content":{"rendered":"<section class=\"wpb-content-wrapper\"><p>[vc_row][vc_column width=&#8221;2\/3&#8243; css=&#8221;.vc_custom_1542980461785{padding-right: 100px !important;}&#8221; offset=&#8221;vc_col-lg-8 vc_col-md-12 vc_col-xs-12&#8243;][vc_row_inner][vc_column_inner offset=&#8221;vc_hidden-lg&#8221;][\/vc_column_inner][\/vc_row_inner][vc_column_text]<\/p>\n<h4>Prosthodontics is the area of \u200b\u200bdentistry that allows the replacement of lost teeth and thus restore function, health and aesthetics. Missing teeth can be replaced using fixed or removable prostheses, over teeth or over implants. Fixed solutions are generally preferred over removable prostheses as they allow patients to regain esthetics and function with maximum comfort.<\/h4>\n<p>&nbsp;<\/p>\n<p>&nbsp;<\/p>\n<h3>Ceramic crowns:<\/h3>\n<p>Dental crowns are fixed prostheses that cover the entire tooth and are cemented onto it. Crowns can also be screwed onto dental implants, mimicking and reproducing the characteristics of natural teeth. In addition to providing greater resistance to damaged teeth, crowns also improve their aesthetics. There are several materials to produce dental crowns, the most common being ceramic.<\/p>\n<p>&nbsp;<\/p>\n<h3>How is a ceramic crown made?<\/h3>\n<p>In a first consultation, an evaluation of each case is made. Through intra and extra-oral photographs, radiological examinations and through molds or teeth scans, the ideal planning is carried out according to the individual needs and expectations of the patient.<\/p>\n<p>In a second appointment, the tooth surface is prepared, impressions are taken and provisional crowns are placed. These aim to protect the tooth, maintain aesthetics and function.<\/p>\n<p>After about 2 weeks, ceramic dental crowns are placed.<\/p>\n<p>&nbsp;<\/p>\n<h3>How should ceramic crowns be maintained?<\/h3>\n<p>After cementation, crowns require basic oral hygiene care and must be monitored and controlled by your dentist and oral hygienist, just like our natural teeth. It is important to note that teeth rehabilitated with ceramic crowns are also likely to have caries lesions, although with a lower risk, so it is important to maintain proper oral hygiene as well as periodic checks with your dentist and oral hygienist.<\/p>\n<p>&nbsp;<\/p>\n<h3>Are ceramic crowns resistant?<\/h3>\n<p>Dental ceramics is a biocompatible and very resistant material, which is why it is highly durable. Thus, teeth with significant loss of structure can be rehabilitated using ceramic crowns, reinforcing the tooth structure.[\/vc_column_text][vc_single_image image=&#8221;7775&#8243; img_size=&#8221;full&#8221;][\/vc_column][vc_column width=&#8221;1\/3&#8243; offset=&#8221;vc_col-lg-4 vc_col-md-12 vc_col-xs-12&#8243;][vc_widget_sidebar sidebar_id=&#8221;page-sidebar&#8221;][\/vc_column][\/vc_row]<\/p>\n<\/section>","protected":false},"excerpt":{"rendered":"<p>[vc_row][vc_column width=&#8221;2\/3&#8243; css=&#8221;.vc_custom_1542980461785{padding-right: 100px !important;}&#8221; offset=&#8221;vc_col-lg-8 vc_col-md-12 vc_col-xs-12&#8243;][vc_row_inner][vc_column_inner offset=&#8221;vc_hidden-lg&#8221;][\/vc_column_inner][\/vc_row_inner][vc_column_text] Prosthodontics is the area of \u200b\u200bdentistry that allows the replacement of [&hellip;]<\/p>\n","protected":false},"author":1,"featured_media":8115,"parent":8320,"menu_order":0,"comment_status":"closed","ping_status":"closed","template":"","meta":{"_monsterinsights_skip_tracking":false,"_monsterinsights_sitenote_active":false,"_monsterinsights_sitenote_note":"","_monsterinsights_sitenote_category":0,"footnotes":""},"class_list":["post-8368","page","type-page","status-publish","has-post-thumbnail","hentry"],"yoast_head":"<!-- This site is optimized with the Yoast SEO plugin v23.6 - https:\/\/yoast.com\/wordpress\/plugins\/seo\/ -->\n<title>Oral Rehabilitation \/ Prosthodontics - Constru\u00edmos Sorrisos<\/title>\n<meta name=\"robots\" content=\"index, follow, max-snippet:-1, max-image-preview:large, max-video-preview:-1\" \/>\n<link rel=\"canonical\" href=\"https:\/\/www.construimossorrisos.pt\/en\/treatments\/oral-rehabilitation-prosthodontics\/\" \/>\n<meta property=\"og:locale\" content=\"en_US\" \/>\n<meta property=\"og:type\" content=\"article\" \/>\n<meta property=\"og:title\" content=\"Oral Rehabilitation \/ Prosthodontics - Constru\u00edmos Sorrisos\" \/>\n<meta property=\"og:description\" content=\"[vc_row][vc_column width=&#8221;2\/3&#8243; css=&#8221;.vc_custom_1542980461785{padding-right: 100px !important;}&#8221; offset=&#8221;vc_col-lg-8 vc_col-md-12 vc_col-xs-12&#8243;][vc_row_inner][vc_column_inner offset=&#8221;vc_hidden-lg&#8221;][\/vc_column_inner][\/vc_row_inner][vc_column_text] Prosthodontics is the area of \u200b\u200bdentistry that allows the replacement of [&hellip;]\" \/>\n<meta property=\"og:url\" content=\"https:\/\/www.construimossorrisos.pt\/en\/treatments\/oral-rehabilitation-prosthodontics\/\" \/>\n<meta property=\"og:site_name\" content=\"Constru\u00edmos Sorrisos\" \/>\n<meta property=\"article:modified_time\" content=\"2023-03-24T11:26:40+00:00\" \/>\n<meta property=\"og:image\" content=\"https:\/\/www.construimossorrisos.pt\/wp-content\/uploads\/2020\/03\/Periodontologia.jpg\" \/>\n\t<meta property=\"og:image:width\" content=\"1920\" \/>\n\t<meta property=\"og:image:height\" content=\"450\" \/>\n\t<meta property=\"og:image:type\" content=\"image\/jpeg\" \/>\n<meta name=\"twitter:card\" content=\"summary_large_image\" \/>\n<meta name=\"twitter:label1\" content=\"Est. reading time\" \/>\n\t<meta name=\"twitter:data1\" content=\"2 minutes\" \/>\n<script type=\"application\/ld+json\" class=\"yoast-schema-graph\">{\"@context\":\"https:\/\/schema.org\",\"@graph\":[{\"@type\":\"WebPage\",\"@id\":\"https:\/\/www.construimossorrisos.pt\/en\/treatments\/oral-rehabilitation-prosthodontics\/\",\"url\":\"https:\/\/www.construimossorrisos.pt\/en\/treatments\/oral-rehabilitation-prosthodontics\/\",\"name\":\"Oral Rehabilitation \/ Prosthodontics - Constru\u00edmos Sorrisos\",\"isPartOf\":{\"@id\":\"https:\/\/www.construimossorrisos.pt\/en\/#website\"},\"primaryImageOfPage\":{\"@id\":\"https:\/\/www.construimossorrisos.pt\/en\/treatments\/oral-rehabilitation-prosthodontics\/#primaryimage\"},\"image\":{\"@id\":\"https:\/\/www.construimossorrisos.pt\/en\/treatments\/oral-rehabilitation-prosthodontics\/#primaryimage\"},\"thumbnailUrl\":\"https:\/\/www.construimossorrisos.pt\/wp-content\/uploads\/2020\/03\/Periodontologia.jpg\",\"datePublished\":\"2020-03-03T15:03:49+00:00\",\"dateModified\":\"2023-03-24T11:26:40+00:00\",\"breadcrumb\":{\"@id\":\"https:\/\/www.construimossorrisos.pt\/en\/treatments\/oral-rehabilitation-prosthodontics\/#breadcrumb\"},\"inLanguage\":\"en-US\",\"potentialAction\":[{\"@type\":\"ReadAction\",\"target\":[\"https:\/\/www.construimossorrisos.pt\/en\/treatments\/oral-rehabilitation-prosthodontics\/\"]}]},{\"@type\":\"ImageObject\",\"inLanguage\":\"en-US\",\"@id\":\"https:\/\/www.construimossorrisos.pt\/en\/treatments\/oral-rehabilitation-prosthodontics\/#primaryimage\",\"url\":\"https:\/\/www.construimossorrisos.pt\/wp-content\/uploads\/2020\/03\/Periodontologia.jpg\",\"contentUrl\":\"https:\/\/www.construimossorrisos.pt\/wp-content\/uploads\/2020\/03\/Periodontologia.jpg\",\"width\":1920,\"height\":450},{\"@type\":\"BreadcrumbList\",\"@id\":\"https:\/\/www.construimossorrisos.pt\/en\/treatments\/oral-rehabilitation-prosthodontics\/#breadcrumb\",\"itemListElement\":[{\"@type\":\"ListItem\",\"position\":1,\"name\":\"Home\",\"item\":\"https:\/\/www.construimossorrisos.pt\/en\/\"},{\"@type\":\"ListItem\",\"position\":2,\"name\":\"Treatments\",\"item\":\"https:\/\/www.construimossorrisos.pt\/en\/treatments\/\"},{\"@type\":\"ListItem\",\"position\":3,\"name\":\"Oral Rehabilitation \/ Prosthodontics\"}]},{\"@type\":\"WebSite\",\"@id\":\"https:\/\/www.construimossorrisos.pt\/en\/#website\",\"url\":\"https:\/\/www.construimossorrisos.pt\/en\/\",\"name\":\"Constru\u00edmos Sorrisos\",\"description\":\"A sua cl\u00ednica dent\u00e1ria.\",\"potentialAction\":[{\"@type\":\"SearchAction\",\"target\":{\"@type\":\"EntryPoint\",\"urlTemplate\":\"https:\/\/www.construimossorrisos.pt\/en\/?s={search_term_string}\"},\"query-input\":{\"@type\":\"PropertyValueSpecification\",\"valueRequired\":true,\"valueName\":\"search_term_string\"}}],\"inLanguage\":\"en-US\"}]}<\/script>\n<!-- \/ Yoast SEO plugin. -->","yoast_head_json":{"title":"Oral Rehabilitation \/ Prosthodontics - Constru\u00edmos Sorrisos","robots":{"index":"index","follow":"follow","max-snippet":"max-snippet:-1","max-image-preview":"max-image-preview:large","max-video-preview":"max-video-preview:-1"},"canonical":"https:\/\/www.construimossorrisos.pt\/en\/treatments\/oral-rehabilitation-prosthodontics\/","og_locale":"en_US","og_type":"article","og_title":"Oral Rehabilitation \/ Prosthodontics - Constru\u00edmos Sorrisos","og_description":"[vc_row][vc_column width=&#8221;2\/3&#8243; css=&#8221;.vc_custom_1542980461785{padding-right: 100px !important;}&#8221; offset=&#8221;vc_col-lg-8 vc_col-md-12 vc_col-xs-12&#8243;][vc_row_inner][vc_column_inner offset=&#8221;vc_hidden-lg&#8221;][\/vc_column_inner][\/vc_row_inner][vc_column_text] Prosthodontics is the area of \u200b\u200bdentistry that allows the replacement of [&hellip;]","og_url":"https:\/\/www.construimossorrisos.pt\/en\/treatments\/oral-rehabilitation-prosthodontics\/","og_site_name":"Constru\u00edmos Sorrisos","article_modified_time":"2023-03-24T11:26:40+00:00","og_image":[{"width":1920,"height":450,"url":"https:\/\/www.construimossorrisos.pt\/wp-content\/uploads\/2020\/03\/Periodontologia.jpg","type":"image\/jpeg"}],"twitter_card":"summary_large_image","twitter_misc":{"Est. reading time":"2 minutes"},"schema":{"@context":"https:\/\/schema.org","@graph":[{"@type":"WebPage","@id":"https:\/\/www.construimossorrisos.pt\/en\/treatments\/oral-rehabilitation-prosthodontics\/","url":"https:\/\/www.construimossorrisos.pt\/en\/treatments\/oral-rehabilitation-prosthodontics\/","name":"Oral Rehabilitation \/ Prosthodontics - Constru\u00edmos Sorrisos","isPartOf":{"@id":"https:\/\/www.construimossorrisos.pt\/en\/#website"},"primaryImageOfPage":{"@id":"https:\/\/www.construimossorrisos.pt\/en\/treatments\/oral-rehabilitation-prosthodontics\/#primaryimage"},"image":{"@id":"https:\/\/www.construimossorrisos.pt\/en\/treatments\/oral-rehabilitation-prosthodontics\/#primaryimage"},"thumbnailUrl":"https:\/\/www.construimossorrisos.pt\/wp-content\/uploads\/2020\/03\/Periodontologia.jpg","datePublished":"2020-03-03T15:03:49+00:00","dateModified":"2023-03-24T11:26:40+00:00","breadcrumb":{"@id":"https:\/\/www.construimossorrisos.pt\/en\/treatments\/oral-rehabilitation-prosthodontics\/#breadcrumb"},"inLanguage":"en-US","potentialAction":[{"@type":"ReadAction","target":["https:\/\/www.construimossorrisos.pt\/en\/treatments\/oral-rehabilitation-prosthodontics\/"]}]},{"@type":"ImageObject","inLanguage":"en-US","@id":"https:\/\/www.construimossorrisos.pt\/en\/treatments\/oral-rehabilitation-prosthodontics\/#primaryimage","url":"https:\/\/www.construimossorrisos.pt\/wp-content\/uploads\/2020\/03\/Periodontologia.jpg","contentUrl":"https:\/\/www.construimossorrisos.pt\/wp-content\/uploads\/2020\/03\/Periodontologia.jpg","width":1920,"height":450},{"@type":"BreadcrumbList","@id":"https:\/\/www.construimossorrisos.pt\/en\/treatments\/oral-rehabilitation-prosthodontics\/#breadcrumb","itemListElement":[{"@type":"ListItem","position":1,"name":"Home","item":"https:\/\/www.construimossorrisos.pt\/en\/"},{"@type":"ListItem","position":2,"name":"Treatments","item":"https:\/\/www.construimossorrisos.pt\/en\/treatments\/"},{"@type":"ListItem","position":3,"name":"Oral Rehabilitation \/ Prosthodontics"}]},{"@type":"WebSite","@id":"https:\/\/www.construimossorrisos.pt\/en\/#website","url":"https:\/\/www.construimossorrisos.pt\/en\/","name":"Constru\u00edmos Sorrisos","description":"A sua cl\u00ednica dent\u00e1ria.","potentialAction":[{"@type":"SearchAction","target":{"@type":"EntryPoint","urlTemplate":"https:\/\/www.construimossorrisos.pt\/en\/?s={search_term_string}"},"query-input":{"@type":"PropertyValueSpecification","valueRequired":true,"valueName":"search_term_string"}}],"inLanguage":"en-US"}]}},"_links":{"self":[{"href":"https:\/\/www.construimossorrisos.pt\/en\/wp-json\/wp\/v2\/pages\/8368"}],"collection":[{"href":"https:\/\/www.construimossorrisos.pt\/en\/wp-json\/wp\/v2\/pages"}],"about":[{"href":"https:\/\/www.construimossorrisos.pt\/en\/wp-json\/wp\/v2\/types\/page"}],"author":[{"embeddable":true,"href":"https:\/\/www.construimossorrisos.pt\/en\/wp-json\/wp\/v2\/users\/1"}],"replies":[{"embeddable":true,"href":"https:\/\/www.construimossorrisos.pt\/en\/wp-json\/wp\/v2\/comments?post=8368"}],"version-history":[{"count":2,"href":"https:\/\/www.construimossorrisos.pt\/en\/wp-json\/wp\/v2\/pages\/8368\/revisions"}],"predecessor-version":[{"id":8370,"href":"https:\/\/www.construimossorrisos.pt\/en\/wp-json\/wp\/v2\/pages\/8368\/revisions\/8370"}],"up":[{"embeddable":true,"href":"https:\/\/www.construimossorrisos.pt\/en\/wp-json\/wp\/v2\/pages\/8320"}],"wp:featuredmedia":[{"embeddable":true,"href":"https:\/\/www.construimossorrisos.pt\/en\/wp-json\/wp\/v2\/media\/8115"}],"wp:attachment":[{"href":"https:\/\/www.construimossorrisos.pt\/en\/wp-json\/wp\/v2\/media?parent=8368"}],"curies":[{"name":"wp","href":"https:\/\/api.w.org\/{rel}","templated":true}]}}