{"id":8371,"date":"2020-03-03T12:44:02","date_gmt":"2020-03-03T12:44:02","guid":{"rendered":"https:\/\/www.construimossorrisos.pt\/treatments\/periodontology\/"},"modified":"2023-03-24T11:39:17","modified_gmt":"2023-03-24T11:39:17","slug":"periodontology","status":"publish","type":"page","link":"https:\/\/www.construimossorrisos.pt\/en\/treatments\/periodontology\/","title":{"rendered":"Periodontology"},"content":{"rendered":"<section class=\"wpb-content-wrapper\"><p>[vc_row][vc_column width=&#8221;2\/3&#8243; css=&#8221;.vc_custom_1542980461785{padding-right: 100px !important;}&#8221; offset=&#8221;vc_col-lg-8 vc_col-md-12 vc_col-xs-12&#8243;][vc_row_inner][vc_column_inner offset=&#8221;vc_hidden-lg&#8221;][\/vc_column_inner][\/vc_row_inner][vc_column_text]<\/p>\n<h4>Periodontology is the area of \u200b\u200bDentistry that deals with diseases that affect the tissues that support the teeth (alveolar bone, gums, cement and periodontal ligament).<\/h4>\n<p>&nbsp;<\/p>\n<h3>What are periodontal\/gum diseases?<\/h3>\n<p>Periodontal diseases are diseases that affect the tissues that support the teeth. Basically there are two types: gingivitis (initial disease that only affects the &#8220;upper part&#8221; of the periodontium &#8211; gum) and Periodontitis (more advanced disease that affects the dental support in depth, leading to the destruction of the supporting bone of the tooth).<\/p>\n<p><strong> <\/strong><\/p>\n<p>What are the signs and symptoms of periodontal disease? What are the warning signs?<\/p>\n<p>Periodontal diseases in general are not painful, so pain at an early stage is not usually a warning sign. There are, according to the severity of the case, signs and symptoms that may arise and which patients should be aware of, such as:<\/p>\n<ul>\n<li>bleeding during normal toothbrushing;<\/li>\n<li>bleeding that occurs spontaneously or during chewing;<\/li>\n<li>gums that are suffering retraction causing the feeling of having \u201clonger teeth\u201d;<\/li>\n<li>gum loss between the teeth with the appearance of \u201cspaces\u201d;<\/li>\n<li>swollen and very reddened gums;<\/li>\n<li>bad taste and bad breath;<\/li>\n<li>changes in the position of the teeth;<\/li>\n<li>cold pain;<\/li>\n<li>persistent gum pain;<\/li>\n<\/ul>\n<p>&nbsp;<\/p>\n<h3>What is Gingivitis?<\/h3>\n<p>Gingivitis is the initial stage of gum disease and is relatively easy to treat and control. Gingivitis, unlike Periodontitis, is reversible so once correct treatment is completed, the health of the gums is restored.<br \/>\nGingivitis is caused by the accumulation of bacterial plaque on the surface of the tooth and gum, and in specific cases other factors may have an impact.<\/p>\n<h3>What is Periodontitis?<\/h3>\n<p>If gingivitis is not treated, in some people it can progress to the more advanced form of the disease called Periodontitis. The existence of bacteria in combination with other factors (genetic susceptibility, risk factors such as tobacco, uncontrolled diabetes, among others and\/or local factors in the oral cavity) may lead to Periodontitis.<br \/>\nAt this stage of the disease, inflammation and infection progress to deeper zones of the gingiva with significant loss of supporting bone leading to irreversible changes. In more severe and advanced diseases, Periodontitis may lead to tooth loss, due to lack of sufficient support to keep the tooth in the oral cavity.<\/p>\n<h3>What are the causes of Periodontitis?<\/h3>\n<p>Periodontitis is caused by a combination of different factors, the existence of bacteria being essential. For the disease to develop, environmental (tobacco, among others), systemic (diabetes, among others) and genetic (genetic susceptibility) risk factors must be present in order for the disease to progress.<br \/>\nWhen bacteria advance along the surface of the root of the tooth, they begin to organize themselves in a more complex way, which leads to a significant inflammatory process (defense response). In this way, in the affected areas, a space called a periodontal pocket begins to form where bacteria release products and toxins that contribute to the destruction of the supporting bone.<\/p>\n<h3>How are Periodontal Diseases Diagnosed?<\/h3>\n<p>The evaluation of the health of the gums should be done using methods of clinical analysis and through radiographic examinations. In the diagnostic consultation, a periodontogram (specific examination through measurements) will reveal the severity of the disease through the evaluation of the periodontal pockets (space that is created in the lower area of \u200b\u200bthe gum and that arises due to a loss of supporting bone of the tooth).<\/p>\n<h3>What are the consequences of Periodontitis?<\/h3>\n<p>The consequences of Periodontitis may be local, at the level of the oral cavity, or at a general level with interference in the overall health of patients.<br \/>\nIn terms of the oral cavity, Periodontitis leads to a significant loss of bone that can lead to aesthetic and functional consequences, as, in more advanced cases, it can lead to loss of teeth with severe impairment of mastication.<br \/>\nNowadays it is already known that Periodontitis can also affect the rest of the organism since the presence of a high amount of bacteria may enter the bloodstream as well as substances resulting from inflammation that may, in this way, increase the risk of cardiovascular diseases. , increase the probability of pregnant women having premature birth, affect the control of diabetes, among others.<\/p>\n<h3>How is gingivitis treated?<\/h3>\n<p>Gingivitis is a superficial disease, which only affects the gum and not the bone, and is treated relatively simply through scaling (\u201cprofessional dental cleaning\u201d) and with the implementation of appropriate oral hygiene techniques that allow to effectively remove the bacterial plaque that accumulates both on the tooth surface and below the gum margin. Scale removal will professionally remove plaque and calculus (tartar \u2013 already calcified and mineralized plaque).<\/p>\n<h3>How is Periodontitis Treated?<\/h3>\n<p>The treatment of Periodontitis is a phased treatment, precisely because it is a chronic disease. For the treatment to be successful, it is essential for the patient to cooperate by performing good oral hygiene at home, as well as carrying out routine appointments specific to their case.<\/p>\n<h4>1st phase \u2013 Periodontal diagnosis consultation<\/h4>\n<p>In a first phase, a diagnostic consultation is carried out (assessment by measuring the periodontal pockets and radiographic examinations), with a detailed explanation of the disease, highlighting the extreme importance of the patient&#8217;s collaboration for the success of the treatment. In that same consultation, the most appropriate oral hygiene methods for each specific case are explained, as well as the sequence of the treatment plan.<\/p>\n<h4>2nd phase \u2013 Initial treatment<\/h4>\n<p>Then you should move on to a professional treatment phase that consists of scaling and root planing, with elimination of bacteria that are deposited on the tooth surface and gum. These procedures are painless and performed under local anesthesia.<\/p>\n<h4>3rd phase \u2013 Reassessment consultation<\/h4>\n<p>After completing this treatment phase, you should wait about 6 to 8 weeks for the periodontal reassessment consultation, where a measurement of the periodontal pockets will again be performed. In this consultation, depending on the severity of the case, it can be concluded that periodontal health is under control and therefore the next phase will consist of regular maintenance consultations (period depending on each case). If the disease is more advanced, it may be necessary to perform periodontal surgery in order to control the disease before proceeding to a maintenance phase.<\/p>\n<h3>What should be the frequency of maintenance appointments?<\/h3>\n<p>After an initial treatment phase and according to each case, a maintenance program will be established with frequent consultations, the interval of which will depend on individual risk. Since Periodontitis is a chronic disease, the patient should always comply with consultations in order to prevent the disease from leading to further destruction and thus ensure the health of the gums.<\/p>\n<h3>What is gum recession?<\/h3>\n<p>Gingival recession consists of the &#8220;retraction&#8221; of the gum that causes exposure of the root surface of the tooth. There are numerous techniques that can be used to replace and recoat the exposed surface. A detailed evaluation will define the best technique for each specific case.<\/p>\n<h3>When you smile do you see too much gum?<\/h3>\n<p>In some patients, it is found that when smiling there is excessive exposure of the gums, which gives the appearance of a gummy smile. The gummy smile can be treated and corrected through different procedures, according to its cause.<\/p>\n<h3>Is it possible to recover the structures lost by Periodontitis?<\/h3>\n<p>In general, the bone that has been lost as a result of Periodontitis cannot be recovered. However, in specific situations, periodontal regeneration techniques can be used to restore the bone lost due to the disease.<\/p>\n<h3>Can periodontal disease be prevented?<\/h3>\n<p>Periodontal diseases can, in part, be prevented by regularly performing rigorous and meticulous oral hygiene that includes toothbrushing (at least twice a day), with the appropriate technique, as well as &#8220;cleaning&#8221; between the teeth through dental floss and\/or brush.<br \/>\nDespite adequate oral hygiene, the health of the gums should be evaluated regularly during consultations with the Periodontologist through a specific periodontal examination.<\/p>\n<p>Can periodontal diseases have an impact on other areas of our body?<br \/>\nThe impact of gum disease on other parts of the body has been the subject of many studies, and it has been found that patients with more advanced forms of the disease may have an increased risk of cardiovascular disease, respiratory infections, rheumatoid arthritis, premature births , between others.<br \/>\nFor this reason, the importance of maintaining adequate periodontal health is increasingly emphasized in order to ensure not only oral health but also general health.[\/vc_column_text][\/vc_column][vc_column width=&#8221;1\/3&#8243; offset=&#8221;vc_col-lg-4 vc_col-md-12 vc_col-xs-12&#8243;][vc_widget_sidebar sidebar_id=&#8221;page-sidebar&#8221;][\/vc_column][\/vc_row]<\/p>\n<\/section>","protected":false},"excerpt":{"rendered":"<p>[vc_row][vc_column width=&#8221;2\/3&#8243; css=&#8221;.vc_custom_1542980461785{padding-right: 100px !important;}&#8221; offset=&#8221;vc_col-lg-8 vc_col-md-12 vc_col-xs-12&#8243;][vc_row_inner][vc_column_inner offset=&#8221;vc_hidden-lg&#8221;][\/vc_column_inner][\/vc_row_inner][vc_column_text] Periodontology is the area of \u200b\u200bDentistry that deals with diseases that [&hellip;]<\/p>\n","protected":false},"author":1,"featured_media":8115,"parent":8320,"menu_order":0,"comment_status":"closed","ping_status":"closed","template":"","meta":{"_monsterinsights_skip_tracking":false,"_monsterinsights_sitenote_active":false,"_monsterinsights_sitenote_note":"","_monsterinsights_sitenote_category":0,"footnotes":""},"class_list":["post-8371","page","type-page","status-publish","has-post-thumbnail","hentry"],"yoast_head":"<!-- This site is optimized with the Yoast SEO plugin v23.6 - https:\/\/yoast.com\/wordpress\/plugins\/seo\/ -->\n<title>Periodontology - Constru\u00edmos Sorrisos<\/title>\n<meta name=\"robots\" content=\"index, follow, max-snippet:-1, max-image-preview:large, max-video-preview:-1\" \/>\n<link rel=\"canonical\" href=\"https:\/\/www.construimossorrisos.pt\/en\/treatments\/periodontology\/\" \/>\n<meta property=\"og:locale\" content=\"en_US\" \/>\n<meta property=\"og:type\" content=\"article\" \/>\n<meta property=\"og:title\" content=\"Periodontology - Constru\u00edmos Sorrisos\" \/>\n<meta property=\"og:description\" content=\"[vc_row][vc_column width=&#8221;2\/3&#8243; css=&#8221;.vc_custom_1542980461785{padding-right: 100px !important;}&#8221; offset=&#8221;vc_col-lg-8 vc_col-md-12 vc_col-xs-12&#8243;][vc_row_inner][vc_column_inner offset=&#8221;vc_hidden-lg&#8221;][\/vc_column_inner][\/vc_row_inner][vc_column_text] Periodontology is the area of \u200b\u200bDentistry that deals with diseases that [&hellip;]\" \/>\n<meta property=\"og:url\" content=\"https:\/\/www.construimossorrisos.pt\/en\/treatments\/periodontology\/\" \/>\n<meta property=\"og:site_name\" content=\"Constru\u00edmos Sorrisos\" \/>\n<meta property=\"article:modified_time\" content=\"2023-03-24T11:39:17+00:00\" \/>\n<meta property=\"og:image\" content=\"https:\/\/www.construimossorrisos.pt\/wp-content\/uploads\/2020\/03\/Periodontologia.jpg\" \/>\n\t<meta property=\"og:image:width\" content=\"1920\" \/>\n\t<meta property=\"og:image:height\" content=\"450\" \/>\n\t<meta property=\"og:image:type\" content=\"image\/jpeg\" \/>\n<meta name=\"twitter:card\" content=\"summary_large_image\" \/>\n<meta name=\"twitter:label1\" content=\"Est. reading time\" \/>\n\t<meta name=\"twitter:data1\" content=\"7 minutes\" \/>\n<script type=\"application\/ld+json\" class=\"yoast-schema-graph\">{\"@context\":\"https:\/\/schema.org\",\"@graph\":[{\"@type\":\"WebPage\",\"@id\":\"https:\/\/www.construimossorrisos.pt\/en\/treatments\/periodontology\/\",\"url\":\"https:\/\/www.construimossorrisos.pt\/en\/treatments\/periodontology\/\",\"name\":\"Periodontology - Constru\u00edmos Sorrisos\",\"isPartOf\":{\"@id\":\"https:\/\/www.construimossorrisos.pt\/en\/#website\"},\"primaryImageOfPage\":{\"@id\":\"https:\/\/www.construimossorrisos.pt\/en\/treatments\/periodontology\/#primaryimage\"},\"image\":{\"@id\":\"https:\/\/www.construimossorrisos.pt\/en\/treatments\/periodontology\/#primaryimage\"},\"thumbnailUrl\":\"https:\/\/www.construimossorrisos.pt\/wp-content\/uploads\/2020\/03\/Periodontologia.jpg\",\"datePublished\":\"2020-03-03T12:44:02+00:00\",\"dateModified\":\"2023-03-24T11:39:17+00:00\",\"breadcrumb\":{\"@id\":\"https:\/\/www.construimossorrisos.pt\/en\/treatments\/periodontology\/#breadcrumb\"},\"inLanguage\":\"en-US\",\"potentialAction\":[{\"@type\":\"ReadAction\",\"target\":[\"https:\/\/www.construimossorrisos.pt\/en\/treatments\/periodontology\/\"]}]},{\"@type\":\"ImageObject\",\"inLanguage\":\"en-US\",\"@id\":\"https:\/\/www.construimossorrisos.pt\/en\/treatments\/periodontology\/#primaryimage\",\"url\":\"https:\/\/www.construimossorrisos.pt\/wp-content\/uploads\/2020\/03\/Periodontologia.jpg\",\"contentUrl\":\"https:\/\/www.construimossorrisos.pt\/wp-content\/uploads\/2020\/03\/Periodontologia.jpg\",\"width\":1920,\"height\":450},{\"@type\":\"BreadcrumbList\",\"@id\":\"https:\/\/www.construimossorrisos.pt\/en\/treatments\/periodontology\/#breadcrumb\",\"itemListElement\":[{\"@type\":\"ListItem\",\"position\":1,\"name\":\"Home\",\"item\":\"https:\/\/www.construimossorrisos.pt\/en\/\"},{\"@type\":\"ListItem\",\"position\":2,\"name\":\"Treatments\",\"item\":\"https:\/\/www.construimossorrisos.pt\/en\/treatments\/\"},{\"@type\":\"ListItem\",\"position\":3,\"name\":\"Periodontology\"}]},{\"@type\":\"WebSite\",\"@id\":\"https:\/\/www.construimossorrisos.pt\/en\/#website\",\"url\":\"https:\/\/www.construimossorrisos.pt\/en\/\",\"name\":\"Constru\u00edmos Sorrisos\",\"description\":\"A sua cl\u00ednica dent\u00e1ria.\",\"potentialAction\":[{\"@type\":\"SearchAction\",\"target\":{\"@type\":\"EntryPoint\",\"urlTemplate\":\"https:\/\/www.construimossorrisos.pt\/en\/?s={search_term_string}\"},\"query-input\":{\"@type\":\"PropertyValueSpecification\",\"valueRequired\":true,\"valueName\":\"search_term_string\"}}],\"inLanguage\":\"en-US\"}]}<\/script>\n<!-- \/ Yoast SEO plugin. -->","yoast_head_json":{"title":"Periodontology - Constru\u00edmos Sorrisos","robots":{"index":"index","follow":"follow","max-snippet":"max-snippet:-1","max-image-preview":"max-image-preview:large","max-video-preview":"max-video-preview:-1"},"canonical":"https:\/\/www.construimossorrisos.pt\/en\/treatments\/periodontology\/","og_locale":"en_US","og_type":"article","og_title":"Periodontology - Constru\u00edmos Sorrisos","og_description":"[vc_row][vc_column width=&#8221;2\/3&#8243; css=&#8221;.vc_custom_1542980461785{padding-right: 100px !important;}&#8221; offset=&#8221;vc_col-lg-8 vc_col-md-12 vc_col-xs-12&#8243;][vc_row_inner][vc_column_inner offset=&#8221;vc_hidden-lg&#8221;][\/vc_column_inner][\/vc_row_inner][vc_column_text] Periodontology is the area of \u200b\u200bDentistry that deals with diseases that [&hellip;]","og_url":"https:\/\/www.construimossorrisos.pt\/en\/treatments\/periodontology\/","og_site_name":"Constru\u00edmos Sorrisos","article_modified_time":"2023-03-24T11:39:17+00:00","og_image":[{"width":1920,"height":450,"url":"https:\/\/www.construimossorrisos.pt\/wp-content\/uploads\/2020\/03\/Periodontologia.jpg","type":"image\/jpeg"}],"twitter_card":"summary_large_image","twitter_misc":{"Est. reading time":"7 minutes"},"schema":{"@context":"https:\/\/schema.org","@graph":[{"@type":"WebPage","@id":"https:\/\/www.construimossorrisos.pt\/en\/treatments\/periodontology\/","url":"https:\/\/www.construimossorrisos.pt\/en\/treatments\/periodontology\/","name":"Periodontology - Constru\u00edmos Sorrisos","isPartOf":{"@id":"https:\/\/www.construimossorrisos.pt\/en\/#website"},"primaryImageOfPage":{"@id":"https:\/\/www.construimossorrisos.pt\/en\/treatments\/periodontology\/#primaryimage"},"image":{"@id":"https:\/\/www.construimossorrisos.pt\/en\/treatments\/periodontology\/#primaryimage"},"thumbnailUrl":"https:\/\/www.construimossorrisos.pt\/wp-content\/uploads\/2020\/03\/Periodontologia.jpg","datePublished":"2020-03-03T12:44:02+00:00","dateModified":"2023-03-24T11:39:17+00:00","breadcrumb":{"@id":"https:\/\/www.construimossorrisos.pt\/en\/treatments\/periodontology\/#breadcrumb"},"inLanguage":"en-US","potentialAction":[{"@type":"ReadAction","target":["https:\/\/www.construimossorrisos.pt\/en\/treatments\/periodontology\/"]}]},{"@type":"ImageObject","inLanguage":"en-US","@id":"https:\/\/www.construimossorrisos.pt\/en\/treatments\/periodontology\/#primaryimage","url":"https:\/\/www.construimossorrisos.pt\/wp-content\/uploads\/2020\/03\/Periodontologia.jpg","contentUrl":"https:\/\/www.construimossorrisos.pt\/wp-content\/uploads\/2020\/03\/Periodontologia.jpg","width":1920,"height":450},{"@type":"BreadcrumbList","@id":"https:\/\/www.construimossorrisos.pt\/en\/treatments\/periodontology\/#breadcrumb","itemListElement":[{"@type":"ListItem","position":1,"name":"Home","item":"https:\/\/www.construimossorrisos.pt\/en\/"},{"@type":"ListItem","position":2,"name":"Treatments","item":"https:\/\/www.construimossorrisos.pt\/en\/treatments\/"},{"@type":"ListItem","position":3,"name":"Periodontology"}]},{"@type":"WebSite","@id":"https:\/\/www.construimossorrisos.pt\/en\/#website","url":"https:\/\/www.construimossorrisos.pt\/en\/","name":"Constru\u00edmos Sorrisos","description":"A sua cl\u00ednica dent\u00e1ria.","potentialAction":[{"@type":"SearchAction","target":{"@type":"EntryPoint","urlTemplate":"https:\/\/www.construimossorrisos.pt\/en\/?s={search_term_string}"},"query-input":{"@type":"PropertyValueSpecification","valueRequired":true,"valueName":"search_term_string"}}],"inLanguage":"en-US"}]}},"_links":{"self":[{"href":"https:\/\/www.construimossorrisos.pt\/en\/wp-json\/wp\/v2\/pages\/8371"}],"collection":[{"href":"https:\/\/www.construimossorrisos.pt\/en\/wp-json\/wp\/v2\/pages"}],"about":[{"href":"https:\/\/www.construimossorrisos.pt\/en\/wp-json\/wp\/v2\/types\/page"}],"author":[{"embeddable":true,"href":"https:\/\/www.construimossorrisos.pt\/en\/wp-json\/wp\/v2\/users\/1"}],"replies":[{"embeddable":true,"href":"https:\/\/www.construimossorrisos.pt\/en\/wp-json\/wp\/v2\/comments?post=8371"}],"version-history":[{"count":2,"href":"https:\/\/www.construimossorrisos.pt\/en\/wp-json\/wp\/v2\/pages\/8371\/revisions"}],"predecessor-version":[{"id":8373,"href":"https:\/\/www.construimossorrisos.pt\/en\/wp-json\/wp\/v2\/pages\/8371\/revisions\/8373"}],"up":[{"embeddable":true,"href":"https:\/\/www.construimossorrisos.pt\/en\/wp-json\/wp\/v2\/pages\/8320"}],"wp:featuredmedia":[{"embeddable":true,"href":"https:\/\/www.construimossorrisos.pt\/en\/wp-json\/wp\/v2\/media\/8115"}],"wp:attachment":[{"href":"https:\/\/www.construimossorrisos.pt\/en\/wp-json\/wp\/v2\/media?parent=8371"}],"curies":[{"name":"wp","href":"https:\/\/api.w.org\/{rel}","templated":true}]}}