{"id":8374,"date":"2020-03-03T14:55:38","date_gmt":"2020-03-03T14:55:38","guid":{"rendered":"https:\/\/www.construimossorrisos.pt\/treatments\/orthodontics\/"},"modified":"2023-03-24T14:09:52","modified_gmt":"2023-03-24T14:09:52","slug":"orthodontics","status":"publish","type":"page","link":"https:\/\/www.construimossorrisos.pt\/en\/treatments\/orthodontics\/","title":{"rendered":"Orthodontics"},"content":{"rendered":"<section class=\"wpb-content-wrapper\"><p>[vc_row][vc_column width=&#8221;2\/3&#8243; css=&#8221;.vc_custom_1542980461785{padding-right: 100px !important;}&#8221; offset=&#8221;vc_col-lg-8 vc_col-md-12 vc_col-xs-12&#8243;][vc_row_inner][vc_column_inner offset=&#8221;vc_hidden-lg&#8221;][\/vc_column_inner][\/vc_row_inner][vc_column_text]<\/p>\n<h4>Orthodontics is the area of \u200b\u200bDentistry that diagnoses, prevents and treats malocclusions.<\/h4>\n<p>&nbsp;<\/p>\n<h3>How is the orthodontic consultation processed?<\/h3>\n<p>Before proceeding with the orthodontic treatment, a first consultation is necessary to collect all the clinical and radiographic data necessary for the case study and diagnosis. In a second consultation, the treatment plan and the most appropriate option for each case will be presented.[\/vc_column_text][vc_tta_accordion style=&#8221;modern&#8221; color=&#8221;white&#8221; c_position=&#8221;right&#8221; active_section=&#8221;20&#8243; collapsible_all=&#8221;true&#8221;][vc_tta_section title=&#8221;What is Orthodontics?&#8221; tab_id=&#8221;o-que-e-ortodontia&#8221;][vc_column_text]Orthodontics is the specialty of Dentistry that diagnoses, prevents and treats malocclusions.[\/vc_column_text][\/vc_tta_section][vc_tta_section title=&#8221;How is the Orthodontic Consultation carried out?&#8221; tab_id=&#8221;como-se-processa-ortodontia&#8221;][vc_column_text]<u>1st Consultation<\/u><\/p>\n<p>It allows the collection of data for the elaboration of an individualized treatment plan:<\/p>\n<p>&#8211; Clinical history<\/p>\n<p>&#8211; Extra-oral and intra-oral photographs<\/p>\n<p>&#8211; Radiographs (orthopantomography and lateral teleradiography)<\/p>\n<p>&#8211; Orthodontic study models<\/p>\n<p>These data are essential for a correct diagnosis.<\/p>\n<p>&nbsp;<\/p>\n<p><u>2nd Consultation<\/u><\/p>\n<p>&#8211; Presentation of the diagnosis, individualized treatment plan and budget.<\/p>\n<p>&#8211; Clarification of all doubts.[\/vc_column_text][\/vc_tta_section][vc_tta_section title=&#8221;When is the right time to go to an Orthodontic appointment?&#8221; tab_id=&#8221;altura-certa-ortondotia&#8221;][vc_column_text]The first consultation should be carried out after the age of 5, in order to assess the development of the jaws, eruption of teeth and assess oral habits.<\/p>\n<p>At that time, it is possible to identify problems such as open, cross or deep bite, dental crowding, early loss of baby teeth and to screen for parafunctional habits such as thumb sucking or tongue thrusting when swallowing.<\/p>\n<p>In this way, it is possible to identify problems that should be treated early and those that need later treatment.[\/vc_column_text][\/vc_tta_section][vc_tta_section title=&#8221;Do braces harm teeth?&#8221; tab_id=&#8221;aparelhos-prejudicam&#8221;][vc_column_text]Braces alone do not damage teeth. The use of excessive forces during treatment and poor oral hygiene on the part of patients can indeed harm the teeth.[\/vc_column_text][\/vc_tta_section][vc_tta_section title=&#8221;Is orthodontic treatment painful?&#8221; tab_id=&#8221;tratamento-doloroso&#8221;][vc_column_text]Adaptation is individual and varies greatly, depends on each person. Usually, the first week is the most difficult, the teeth tend to be sensitive to pressure, making it difficult to chew. The appearance of thrush can also happen. Once you have passed this first phase of adaptation to the treatment, you will only notice pressure on your teeth in the first 2 or 3 days, after each check-up visit.[\/vc_column_text][\/vc_tta_section][vc_tta_section title=&#8221;What is the duration of an orthodontic treatment with a fixed appliance?&#8221; tab_id=&#8221;tempo-ortondotia&#8221;][vc_column_text]Complete orthodontic treatment, depending on the complexity of the case and patient compliance, takes an average of 24 months.[\/vc_column_text][\/vc_tta_section][vc_tta_section title=&#8221;What is aligner orthodontics \u2013 Invisalign?&#8221; tab_id=&#8221;invisalign-ortondotia&#8221;][vc_column_text]Orthodontics with Invisalign aligners is an alternative to traditional fixed brackets and allows for a virtually invisible way to align your teeth.<\/p>\n<p>The Invisalign aligner system consists of a series of clear and removable aligners, custom-made and created from a virtual treatment to move the teeth into the desired position. Each aligner is slightly different from the previous one, so the teeth move gradually.<\/p>\n<p>Invisalign aligners are worn 24 hours a day, only removed to eat and brush your teeth. Patients wear each aligner for 1 week and visit the orthodontist every 4, 6 or 8 weeks during the treatment period.[\/vc_column_text][\/vc_tta_section][vc_tta_section title=&#8221;How important is orthodontic treatment?&#8221; tab_id=&#8221;tratamento-ortodontico&#8221;][vc_column_text]There are several benefits of orthodontic treatment, such as a decrease in the incidence of cavities and gingival\/bone problems, as oral hygiene is easier with aligned teeth. Orthodontic treatment also improves the relationship between teeth, thus reducing periodontal problems, improves masticatory function and prevents abnormal tooth wear.[\/vc_column_text][\/vc_tta_section][\/vc_tta_accordion][\/vc_column][vc_column width=&#8221;1\/3&#8243; offset=&#8221;vc_col-lg-4 vc_col-md-12 vc_col-xs-12&#8243;][vc_widget_sidebar sidebar_id=&#8221;page-sidebar&#8221;][\/vc_column][\/vc_row]<\/p>\n<\/section>","protected":false},"excerpt":{"rendered":"<p>[vc_row][vc_column width=&#8221;2\/3&#8243; css=&#8221;.vc_custom_1542980461785{padding-right: 100px !important;}&#8221; offset=&#8221;vc_col-lg-8 vc_col-md-12 vc_col-xs-12&#8243;][vc_row_inner][vc_column_inner offset=&#8221;vc_hidden-lg&#8221;][\/vc_column_inner][\/vc_row_inner][vc_column_text] Orthodontics is the area of \u200b\u200bDentistry that diagnoses, prevents and treats [&hellip;]<\/p>\n","protected":false},"author":1,"featured_media":8115,"parent":8320,"menu_order":0,"comment_status":"closed","ping_status":"closed","template":"","meta":{"_monsterinsights_skip_tracking":false,"_monsterinsights_sitenote_active":false,"_monsterinsights_sitenote_note":"","_monsterinsights_sitenote_category":0,"footnotes":""},"class_list":["post-8374","page","type-page","status-publish","has-post-thumbnail","hentry"],"yoast_head":"<!-- This site is optimized with the Yoast SEO plugin v23.6 - https:\/\/yoast.com\/wordpress\/plugins\/seo\/ -->\n<title>Orthodontics - Constru\u00edmos Sorrisos<\/title>\n<meta name=\"robots\" content=\"index, follow, max-snippet:-1, max-image-preview:large, max-video-preview:-1\" \/>\n<link rel=\"canonical\" href=\"https:\/\/www.construimossorrisos.pt\/en\/treatments\/orthodontics\/\" \/>\n<meta property=\"og:locale\" content=\"en_US\" \/>\n<meta property=\"og:type\" content=\"article\" \/>\n<meta property=\"og:title\" content=\"Orthodontics - Constru\u00edmos Sorrisos\" \/>\n<meta property=\"og:description\" content=\"[vc_row][vc_column width=&#8221;2\/3&#8243; css=&#8221;.vc_custom_1542980461785{padding-right: 100px !important;}&#8221; offset=&#8221;vc_col-lg-8 vc_col-md-12 vc_col-xs-12&#8243;][vc_row_inner][vc_column_inner offset=&#8221;vc_hidden-lg&#8221;][\/vc_column_inner][\/vc_row_inner][vc_column_text] Orthodontics is the area of \u200b\u200bDentistry that diagnoses, prevents and treats [&hellip;]\" \/>\n<meta property=\"og:url\" content=\"https:\/\/www.construimossorrisos.pt\/en\/treatments\/orthodontics\/\" \/>\n<meta property=\"og:site_name\" content=\"Constru\u00edmos Sorrisos\" \/>\n<meta property=\"article:modified_time\" content=\"2023-03-24T14:09:52+00:00\" \/>\n<meta property=\"og:image\" content=\"https:\/\/www.construimossorrisos.pt\/wp-content\/uploads\/2020\/03\/Periodontologia.jpg\" \/>\n\t<meta property=\"og:image:width\" content=\"1920\" \/>\n\t<meta property=\"og:image:height\" content=\"450\" \/>\n\t<meta property=\"og:image:type\" content=\"image\/jpeg\" \/>\n<meta name=\"twitter:card\" content=\"summary_large_image\" \/>\n<meta name=\"twitter:label1\" content=\"Est. reading time\" \/>\n\t<meta name=\"twitter:data1\" content=\"4 minutes\" \/>\n<script type=\"application\/ld+json\" class=\"yoast-schema-graph\">{\"@context\":\"https:\/\/schema.org\",\"@graph\":[{\"@type\":\"WebPage\",\"@id\":\"https:\/\/www.construimossorrisos.pt\/en\/treatments\/orthodontics\/\",\"url\":\"https:\/\/www.construimossorrisos.pt\/en\/treatments\/orthodontics\/\",\"name\":\"Orthodontics - Constru\u00edmos Sorrisos\",\"isPartOf\":{\"@id\":\"https:\/\/www.construimossorrisos.pt\/en\/#website\"},\"primaryImageOfPage\":{\"@id\":\"https:\/\/www.construimossorrisos.pt\/en\/treatments\/orthodontics\/#primaryimage\"},\"image\":{\"@id\":\"https:\/\/www.construimossorrisos.pt\/en\/treatments\/orthodontics\/#primaryimage\"},\"thumbnailUrl\":\"https:\/\/www.construimossorrisos.pt\/wp-content\/uploads\/2020\/03\/Periodontologia.jpg\",\"datePublished\":\"2020-03-03T14:55:38+00:00\",\"dateModified\":\"2023-03-24T14:09:52+00:00\",\"breadcrumb\":{\"@id\":\"https:\/\/www.construimossorrisos.pt\/en\/treatments\/orthodontics\/#breadcrumb\"},\"inLanguage\":\"en-US\",\"potentialAction\":[{\"@type\":\"ReadAction\",\"target\":[\"https:\/\/www.construimossorrisos.pt\/en\/treatments\/orthodontics\/\"]}]},{\"@type\":\"ImageObject\",\"inLanguage\":\"en-US\",\"@id\":\"https:\/\/www.construimossorrisos.pt\/en\/treatments\/orthodontics\/#primaryimage\",\"url\":\"https:\/\/www.construimossorrisos.pt\/wp-content\/uploads\/2020\/03\/Periodontologia.jpg\",\"contentUrl\":\"https:\/\/www.construimossorrisos.pt\/wp-content\/uploads\/2020\/03\/Periodontologia.jpg\",\"width\":1920,\"height\":450},{\"@type\":\"BreadcrumbList\",\"@id\":\"https:\/\/www.construimossorrisos.pt\/en\/treatments\/orthodontics\/#breadcrumb\",\"itemListElement\":[{\"@type\":\"ListItem\",\"position\":1,\"name\":\"Home\",\"item\":\"https:\/\/www.construimossorrisos.pt\/en\/\"},{\"@type\":\"ListItem\",\"position\":2,\"name\":\"Treatments\",\"item\":\"https:\/\/www.construimossorrisos.pt\/en\/treatments\/\"},{\"@type\":\"ListItem\",\"position\":3,\"name\":\"Orthodontics\"}]},{\"@type\":\"WebSite\",\"@id\":\"https:\/\/www.construimossorrisos.pt\/en\/#website\",\"url\":\"https:\/\/www.construimossorrisos.pt\/en\/\",\"name\":\"Constru\u00edmos Sorrisos\",\"description\":\"A sua cl\u00ednica dent\u00e1ria.\",\"potentialAction\":[{\"@type\":\"SearchAction\",\"target\":{\"@type\":\"EntryPoint\",\"urlTemplate\":\"https:\/\/www.construimossorrisos.pt\/en\/?s={search_term_string}\"},\"query-input\":{\"@type\":\"PropertyValueSpecification\",\"valueRequired\":true,\"valueName\":\"search_term_string\"}}],\"inLanguage\":\"en-US\"}]}<\/script>\n<!-- \/ Yoast SEO plugin. -->","yoast_head_json":{"title":"Orthodontics - Constru\u00edmos Sorrisos","robots":{"index":"index","follow":"follow","max-snippet":"max-snippet:-1","max-image-preview":"max-image-preview:large","max-video-preview":"max-video-preview:-1"},"canonical":"https:\/\/www.construimossorrisos.pt\/en\/treatments\/orthodontics\/","og_locale":"en_US","og_type":"article","og_title":"Orthodontics - Constru\u00edmos Sorrisos","og_description":"[vc_row][vc_column width=&#8221;2\/3&#8243; css=&#8221;.vc_custom_1542980461785{padding-right: 100px !important;}&#8221; offset=&#8221;vc_col-lg-8 vc_col-md-12 vc_col-xs-12&#8243;][vc_row_inner][vc_column_inner offset=&#8221;vc_hidden-lg&#8221;][\/vc_column_inner][\/vc_row_inner][vc_column_text] Orthodontics is the area of \u200b\u200bDentistry that diagnoses, prevents and treats [&hellip;]","og_url":"https:\/\/www.construimossorrisos.pt\/en\/treatments\/orthodontics\/","og_site_name":"Constru\u00edmos Sorrisos","article_modified_time":"2023-03-24T14:09:52+00:00","og_image":[{"width":1920,"height":450,"url":"https:\/\/www.construimossorrisos.pt\/wp-content\/uploads\/2020\/03\/Periodontologia.jpg","type":"image\/jpeg"}],"twitter_card":"summary_large_image","twitter_misc":{"Est. reading time":"4 minutes"},"schema":{"@context":"https:\/\/schema.org","@graph":[{"@type":"WebPage","@id":"https:\/\/www.construimossorrisos.pt\/en\/treatments\/orthodontics\/","url":"https:\/\/www.construimossorrisos.pt\/en\/treatments\/orthodontics\/","name":"Orthodontics - Constru\u00edmos Sorrisos","isPartOf":{"@id":"https:\/\/www.construimossorrisos.pt\/en\/#website"},"primaryImageOfPage":{"@id":"https:\/\/www.construimossorrisos.pt\/en\/treatments\/orthodontics\/#primaryimage"},"image":{"@id":"https:\/\/www.construimossorrisos.pt\/en\/treatments\/orthodontics\/#primaryimage"},"thumbnailUrl":"https:\/\/www.construimossorrisos.pt\/wp-content\/uploads\/2020\/03\/Periodontologia.jpg","datePublished":"2020-03-03T14:55:38+00:00","dateModified":"2023-03-24T14:09:52+00:00","breadcrumb":{"@id":"https:\/\/www.construimossorrisos.pt\/en\/treatments\/orthodontics\/#breadcrumb"},"inLanguage":"en-US","potentialAction":[{"@type":"ReadAction","target":["https:\/\/www.construimossorrisos.pt\/en\/treatments\/orthodontics\/"]}]},{"@type":"ImageObject","inLanguage":"en-US","@id":"https:\/\/www.construimossorrisos.pt\/en\/treatments\/orthodontics\/#primaryimage","url":"https:\/\/www.construimossorrisos.pt\/wp-content\/uploads\/2020\/03\/Periodontologia.jpg","contentUrl":"https:\/\/www.construimossorrisos.pt\/wp-content\/uploads\/2020\/03\/Periodontologia.jpg","width":1920,"height":450},{"@type":"BreadcrumbList","@id":"https:\/\/www.construimossorrisos.pt\/en\/treatments\/orthodontics\/#breadcrumb","itemListElement":[{"@type":"ListItem","position":1,"name":"Home","item":"https:\/\/www.construimossorrisos.pt\/en\/"},{"@type":"ListItem","position":2,"name":"Treatments","item":"https:\/\/www.construimossorrisos.pt\/en\/treatments\/"},{"@type":"ListItem","position":3,"name":"Orthodontics"}]},{"@type":"WebSite","@id":"https:\/\/www.construimossorrisos.pt\/en\/#website","url":"https:\/\/www.construimossorrisos.pt\/en\/","name":"Constru\u00edmos Sorrisos","description":"A sua cl\u00ednica dent\u00e1ria.","potentialAction":[{"@type":"SearchAction","target":{"@type":"EntryPoint","urlTemplate":"https:\/\/www.construimossorrisos.pt\/en\/?s={search_term_string}"},"query-input":{"@type":"PropertyValueSpecification","valueRequired":true,"valueName":"search_term_string"}}],"inLanguage":"en-US"}]}},"_links":{"self":[{"href":"https:\/\/www.construimossorrisos.pt\/en\/wp-json\/wp\/v2\/pages\/8374"}],"collection":[{"href":"https:\/\/www.construimossorrisos.pt\/en\/wp-json\/wp\/v2\/pages"}],"about":[{"href":"https:\/\/www.construimossorrisos.pt\/en\/wp-json\/wp\/v2\/types\/page"}],"author":[{"embeddable":true,"href":"https:\/\/www.construimossorrisos.pt\/en\/wp-json\/wp\/v2\/users\/1"}],"replies":[{"embeddable":true,"href":"https:\/\/www.construimossorrisos.pt\/en\/wp-json\/wp\/v2\/comments?post=8374"}],"version-history":[{"count":2,"href":"https:\/\/www.construimossorrisos.pt\/en\/wp-json\/wp\/v2\/pages\/8374\/revisions"}],"predecessor-version":[{"id":8376,"href":"https:\/\/www.construimossorrisos.pt\/en\/wp-json\/wp\/v2\/pages\/8374\/revisions\/8376"}],"up":[{"embeddable":true,"href":"https:\/\/www.construimossorrisos.pt\/en\/wp-json\/wp\/v2\/pages\/8320"}],"wp:featuredmedia":[{"embeddable":true,"href":"https:\/\/www.construimossorrisos.pt\/en\/wp-json\/wp\/v2\/media\/8115"}],"wp:attachment":[{"href":"https:\/\/www.construimossorrisos.pt\/en\/wp-json\/wp\/v2\/media?parent=8374"}],"curies":[{"name":"wp","href":"https:\/\/api.w.org\/{rel}","templated":true}]}}