{"id":8386,"date":"2020-03-03T20:20:46","date_gmt":"2020-03-03T20:20:46","guid":{"rendered":"https:\/\/www.construimossorrisos.pt\/treatments\/occlusion\/"},"modified":"2023-03-24T14:23:03","modified_gmt":"2023-03-24T14:23:03","slug":"occlusion","status":"publish","type":"page","link":"https:\/\/www.construimossorrisos.pt\/en\/treatments\/occlusion\/","title":{"rendered":"Occlusion"},"content":{"rendered":"<section class=\"wpb-content-wrapper\"><p>[vc_row][vc_column width=&#8221;2\/3&#8243; css=&#8221;.vc_custom_1542980461785{padding-right: 100px !important;}&#8221; offset=&#8221;vc_col-lg-8 vc_col-md-12 vc_col-xs-12&#8243;][vc_row_inner][vc_column_inner offset=&#8221;vc_hidden-lg&#8221;][\/vc_column_inner][\/vc_row_inner][vc_column_text]<\/p>\n<h4>Dental occlusion is the way our teeth relate to each other. An ideal occlusion allows performing all oral functions, such as chewing, swallowing, phonetics and aesthetics. In order to obtain a normal occlusion, it is necessary to establish a correct and stable relationship between the jaws, as well as a correct dental positioning.<\/h4>\n<p>A deficient dental occlusion can lead to pathological alterations of the temporomandibular joint, which may cause temporomandibular disorders.<\/p>\n<p>&nbsp;<\/p>\n<h3>What are temporomandibular disorders?<\/h3>\n<p>Temporomandibular disorder (TMD) is often associated with occlusal problems and results from abnormal functioning of the muscles of mastication, the temporomandibular joint and associated structures, or both.<\/p>\n<p>TMD can cause headaches and\/or neck pain, posture changes, joint noises (clicking or crackling sensation), ringing in the ears, limitations in opening the mouth, wear on the teeth and difficulty in chewing.<\/p>\n<p>&nbsp;<\/p>\n<h3>What is bruxism?<\/h3>\n<p>Bruxism is a very common oral pathology, it is a parafunctional and unconscious habit that leads patients to grind or clench their teeth during sleep or during the day. Nocturnal bruxism is a pathology in which, in addition to teeth grinding, micro-awakenings, increased respiratory and heart rate are observed.<\/p>\n<p>It is a pathology closely associated with stress and can be seen at all ages. It can affect between 15% and 90% of the population, however only about 20% of the affected population is aware of the parafunction.<\/p>\n<p>Bruxism is characterized by causing tooth wear, increased muscle tension and headaches resulting from this tension. The diagnosis is usually late and usually appears after the patient detects that his teeth are getting shorter due to wear or someone warns him that he grinds his teeth.<\/p>\n<p>The treatment for bruxism can involve re-educating daytime habits, making and using mouthguards to protect the teeth and\/or rehabilitation of worn teeth.[\/vc_column_text][\/vc_column][vc_column width=&#8221;1\/3&#8243; offset=&#8221;vc_col-lg-4 vc_col-md-12 vc_col-xs-12&#8243;][vc_widget_sidebar sidebar_id=&#8221;page-sidebar&#8221;][\/vc_column][\/vc_row]<\/p>\n<\/section>","protected":false},"excerpt":{"rendered":"<p>[vc_row][vc_column width=&#8221;2\/3&#8243; css=&#8221;.vc_custom_1542980461785{padding-right: 100px !important;}&#8221; offset=&#8221;vc_col-lg-8 vc_col-md-12 vc_col-xs-12&#8243;][vc_row_inner][vc_column_inner offset=&#8221;vc_hidden-lg&#8221;][\/vc_column_inner][\/vc_row_inner][vc_column_text] Dental occlusion is the way our teeth relate to each other. [&hellip;]<\/p>\n","protected":false},"author":1,"featured_media":8115,"parent":8320,"menu_order":0,"comment_status":"closed","ping_status":"closed","template":"","meta":{"_monsterinsights_skip_tracking":false,"_monsterinsights_sitenote_active":false,"_monsterinsights_sitenote_note":"","_monsterinsights_sitenote_category":0,"footnotes":""},"class_list":["post-8386","page","type-page","status-publish","has-post-thumbnail","hentry"],"yoast_head":"<!-- This site is optimized with the Yoast SEO plugin v23.6 - https:\/\/yoast.com\/wordpress\/plugins\/seo\/ -->\n<title>Occlusion - Constru\u00edmos Sorrisos<\/title>\n<meta name=\"robots\" content=\"index, follow, max-snippet:-1, max-image-preview:large, max-video-preview:-1\" \/>\n<link rel=\"canonical\" href=\"https:\/\/www.construimossorrisos.pt\/en\/treatments\/occlusion\/\" \/>\n<meta property=\"og:locale\" content=\"en_US\" \/>\n<meta property=\"og:type\" content=\"article\" \/>\n<meta property=\"og:title\" content=\"Occlusion - Constru\u00edmos Sorrisos\" \/>\n<meta property=\"og:description\" content=\"[vc_row][vc_column width=&#8221;2\/3&#8243; css=&#8221;.vc_custom_1542980461785{padding-right: 100px !important;}&#8221; offset=&#8221;vc_col-lg-8 vc_col-md-12 vc_col-xs-12&#8243;][vc_row_inner][vc_column_inner offset=&#8221;vc_hidden-lg&#8221;][\/vc_column_inner][\/vc_row_inner][vc_column_text] Dental occlusion is the way our teeth relate to each other. [&hellip;]\" \/>\n<meta property=\"og:url\" content=\"https:\/\/www.construimossorrisos.pt\/en\/treatments\/occlusion\/\" \/>\n<meta property=\"og:site_name\" content=\"Constru\u00edmos Sorrisos\" \/>\n<meta property=\"article:modified_time\" content=\"2023-03-24T14:23:03+00:00\" \/>\n<meta property=\"og:image\" content=\"https:\/\/www.construimossorrisos.pt\/wp-content\/uploads\/2020\/03\/Periodontologia.jpg\" \/>\n\t<meta property=\"og:image:width\" content=\"1920\" \/>\n\t<meta property=\"og:image:height\" content=\"450\" \/>\n\t<meta property=\"og:image:type\" content=\"image\/jpeg\" \/>\n<meta name=\"twitter:card\" content=\"summary_large_image\" \/>\n<meta name=\"twitter:label1\" content=\"Est. reading time\" \/>\n\t<meta name=\"twitter:data1\" content=\"2 minutes\" \/>\n<script type=\"application\/ld+json\" class=\"yoast-schema-graph\">{\"@context\":\"https:\/\/schema.org\",\"@graph\":[{\"@type\":\"WebPage\",\"@id\":\"https:\/\/www.construimossorrisos.pt\/en\/treatments\/occlusion\/\",\"url\":\"https:\/\/www.construimossorrisos.pt\/en\/treatments\/occlusion\/\",\"name\":\"Occlusion - Constru\u00edmos Sorrisos\",\"isPartOf\":{\"@id\":\"https:\/\/www.construimossorrisos.pt\/en\/#website\"},\"primaryImageOfPage\":{\"@id\":\"https:\/\/www.construimossorrisos.pt\/en\/treatments\/occlusion\/#primaryimage\"},\"image\":{\"@id\":\"https:\/\/www.construimossorrisos.pt\/en\/treatments\/occlusion\/#primaryimage\"},\"thumbnailUrl\":\"https:\/\/www.construimossorrisos.pt\/wp-content\/uploads\/2020\/03\/Periodontologia.jpg\",\"datePublished\":\"2020-03-03T20:20:46+00:00\",\"dateModified\":\"2023-03-24T14:23:03+00:00\",\"breadcrumb\":{\"@id\":\"https:\/\/www.construimossorrisos.pt\/en\/treatments\/occlusion\/#breadcrumb\"},\"inLanguage\":\"en-US\",\"potentialAction\":[{\"@type\":\"ReadAction\",\"target\":[\"https:\/\/www.construimossorrisos.pt\/en\/treatments\/occlusion\/\"]}]},{\"@type\":\"ImageObject\",\"inLanguage\":\"en-US\",\"@id\":\"https:\/\/www.construimossorrisos.pt\/en\/treatments\/occlusion\/#primaryimage\",\"url\":\"https:\/\/www.construimossorrisos.pt\/wp-content\/uploads\/2020\/03\/Periodontologia.jpg\",\"contentUrl\":\"https:\/\/www.construimossorrisos.pt\/wp-content\/uploads\/2020\/03\/Periodontologia.jpg\",\"width\":1920,\"height\":450},{\"@type\":\"BreadcrumbList\",\"@id\":\"https:\/\/www.construimossorrisos.pt\/en\/treatments\/occlusion\/#breadcrumb\",\"itemListElement\":[{\"@type\":\"ListItem\",\"position\":1,\"name\":\"Home\",\"item\":\"https:\/\/www.construimossorrisos.pt\/en\/\"},{\"@type\":\"ListItem\",\"position\":2,\"name\":\"Treatments\",\"item\":\"https:\/\/www.construimossorrisos.pt\/en\/treatments\/\"},{\"@type\":\"ListItem\",\"position\":3,\"name\":\"Occlusion\"}]},{\"@type\":\"WebSite\",\"@id\":\"https:\/\/www.construimossorrisos.pt\/en\/#website\",\"url\":\"https:\/\/www.construimossorrisos.pt\/en\/\",\"name\":\"Constru\u00edmos Sorrisos\",\"description\":\"A sua cl\u00ednica dent\u00e1ria.\",\"potentialAction\":[{\"@type\":\"SearchAction\",\"target\":{\"@type\":\"EntryPoint\",\"urlTemplate\":\"https:\/\/www.construimossorrisos.pt\/en\/?s={search_term_string}\"},\"query-input\":{\"@type\":\"PropertyValueSpecification\",\"valueRequired\":true,\"valueName\":\"search_term_string\"}}],\"inLanguage\":\"en-US\"}]}<\/script>\n<!-- \/ Yoast SEO plugin. -->","yoast_head_json":{"title":"Occlusion - Constru\u00edmos Sorrisos","robots":{"index":"index","follow":"follow","max-snippet":"max-snippet:-1","max-image-preview":"max-image-preview:large","max-video-preview":"max-video-preview:-1"},"canonical":"https:\/\/www.construimossorrisos.pt\/en\/treatments\/occlusion\/","og_locale":"en_US","og_type":"article","og_title":"Occlusion - Constru\u00edmos Sorrisos","og_description":"[vc_row][vc_column width=&#8221;2\/3&#8243; css=&#8221;.vc_custom_1542980461785{padding-right: 100px !important;}&#8221; offset=&#8221;vc_col-lg-8 vc_col-md-12 vc_col-xs-12&#8243;][vc_row_inner][vc_column_inner offset=&#8221;vc_hidden-lg&#8221;][\/vc_column_inner][\/vc_row_inner][vc_column_text] Dental occlusion is the way our teeth relate to each other. [&hellip;]","og_url":"https:\/\/www.construimossorrisos.pt\/en\/treatments\/occlusion\/","og_site_name":"Constru\u00edmos Sorrisos","article_modified_time":"2023-03-24T14:23:03+00:00","og_image":[{"width":1920,"height":450,"url":"https:\/\/www.construimossorrisos.pt\/wp-content\/uploads\/2020\/03\/Periodontologia.jpg","type":"image\/jpeg"}],"twitter_card":"summary_large_image","twitter_misc":{"Est. reading time":"2 minutes"},"schema":{"@context":"https:\/\/schema.org","@graph":[{"@type":"WebPage","@id":"https:\/\/www.construimossorrisos.pt\/en\/treatments\/occlusion\/","url":"https:\/\/www.construimossorrisos.pt\/en\/treatments\/occlusion\/","name":"Occlusion - Constru\u00edmos Sorrisos","isPartOf":{"@id":"https:\/\/www.construimossorrisos.pt\/en\/#website"},"primaryImageOfPage":{"@id":"https:\/\/www.construimossorrisos.pt\/en\/treatments\/occlusion\/#primaryimage"},"image":{"@id":"https:\/\/www.construimossorrisos.pt\/en\/treatments\/occlusion\/#primaryimage"},"thumbnailUrl":"https:\/\/www.construimossorrisos.pt\/wp-content\/uploads\/2020\/03\/Periodontologia.jpg","datePublished":"2020-03-03T20:20:46+00:00","dateModified":"2023-03-24T14:23:03+00:00","breadcrumb":{"@id":"https:\/\/www.construimossorrisos.pt\/en\/treatments\/occlusion\/#breadcrumb"},"inLanguage":"en-US","potentialAction":[{"@type":"ReadAction","target":["https:\/\/www.construimossorrisos.pt\/en\/treatments\/occlusion\/"]}]},{"@type":"ImageObject","inLanguage":"en-US","@id":"https:\/\/www.construimossorrisos.pt\/en\/treatments\/occlusion\/#primaryimage","url":"https:\/\/www.construimossorrisos.pt\/wp-content\/uploads\/2020\/03\/Periodontologia.jpg","contentUrl":"https:\/\/www.construimossorrisos.pt\/wp-content\/uploads\/2020\/03\/Periodontologia.jpg","width":1920,"height":450},{"@type":"BreadcrumbList","@id":"https:\/\/www.construimossorrisos.pt\/en\/treatments\/occlusion\/#breadcrumb","itemListElement":[{"@type":"ListItem","position":1,"name":"Home","item":"https:\/\/www.construimossorrisos.pt\/en\/"},{"@type":"ListItem","position":2,"name":"Treatments","item":"https:\/\/www.construimossorrisos.pt\/en\/treatments\/"},{"@type":"ListItem","position":3,"name":"Occlusion"}]},{"@type":"WebSite","@id":"https:\/\/www.construimossorrisos.pt\/en\/#website","url":"https:\/\/www.construimossorrisos.pt\/en\/","name":"Constru\u00edmos Sorrisos","description":"A sua cl\u00ednica dent\u00e1ria.","potentialAction":[{"@type":"SearchAction","target":{"@type":"EntryPoint","urlTemplate":"https:\/\/www.construimossorrisos.pt\/en\/?s={search_term_string}"},"query-input":{"@type":"PropertyValueSpecification","valueRequired":true,"valueName":"search_term_string"}}],"inLanguage":"en-US"}]}},"_links":{"self":[{"href":"https:\/\/www.construimossorrisos.pt\/en\/wp-json\/wp\/v2\/pages\/8386"}],"collection":[{"href":"https:\/\/www.construimossorrisos.pt\/en\/wp-json\/wp\/v2\/pages"}],"about":[{"href":"https:\/\/www.construimossorrisos.pt\/en\/wp-json\/wp\/v2\/types\/page"}],"author":[{"embeddable":true,"href":"https:\/\/www.construimossorrisos.pt\/en\/wp-json\/wp\/v2\/users\/1"}],"replies":[{"embeddable":true,"href":"https:\/\/www.construimossorrisos.pt\/en\/wp-json\/wp\/v2\/comments?post=8386"}],"version-history":[{"count":2,"href":"https:\/\/www.construimossorrisos.pt\/en\/wp-json\/wp\/v2\/pages\/8386\/revisions"}],"predecessor-version":[{"id":8388,"href":"https:\/\/www.construimossorrisos.pt\/en\/wp-json\/wp\/v2\/pages\/8386\/revisions\/8388"}],"up":[{"embeddable":true,"href":"https:\/\/www.construimossorrisos.pt\/en\/wp-json\/wp\/v2\/pages\/8320"}],"wp:featuredmedia":[{"embeddable":true,"href":"https:\/\/www.construimossorrisos.pt\/en\/wp-json\/wp\/v2\/media\/8115"}],"wp:attachment":[{"href":"https:\/\/www.construimossorrisos.pt\/en\/wp-json\/wp\/v2\/media?parent=8386"}],"curies":[{"name":"wp","href":"https:\/\/api.w.org\/{rel}","templated":true}]}}